{"id":13874,"date":"2017-10-04T14:20:36","date_gmt":"2017-10-04T11:20:36","guid":{"rendered":"https:\/\/segurofacilbrasil.com.br\/newsite\/?page_id=13874"},"modified":"2020-07-09T23:46:37","modified_gmt":"2020-07-09T20:46:37","slug":"aliro-seguros","status":"publish","type":"page","link":"https:\/\/segurofacilbrasil.com.br\/newsite\/aliro-seguros\/","title":{"rendered":"ALIRO SEGUROS"},"content":{"rendered":"<p><img decoding=\"async\" class=\"aligncenter wp-image-13875 size-medium\" src=\"https:\/\/segurofacilbrasil.com.br\/newsite\/wp-content\/uploads\/2017\/10\/ALIRO-SEGUROS-300x189.png\" alt=\"ALIRO SEGUROS\" width=\"300\" height=\"189\" srcset=\"https:\/\/segurofacilbrasil.com.br\/newsite\/wp-content\/uploads\/2017\/10\/ALIRO-SEGUROS-200x126.png 200w, https:\/\/segurofacilbrasil.com.br\/newsite\/wp-content\/uploads\/2017\/10\/ALIRO-SEGUROS-300x189.png 300w, https:\/\/segurofacilbrasil.com.br\/newsite\/wp-content\/uploads\/2017\/10\/ALIRO-SEGUROS-320x202.png 320w, https:\/\/segurofacilbrasil.com.br\/newsite\/wp-content\/uploads\/2017\/10\/ALIRO-SEGUROS-400x251.png 400w, https:\/\/segurofacilbrasil.com.br\/newsite\/wp-content\/uploads\/2017\/10\/ALIRO-SEGUROS-600x377.png 600w, https:\/\/segurofacilbrasil.com.br\/newsite\/wp-content\/uploads\/2017\/10\/ALIRO-SEGUROS.png 700w\" sizes=\"(max-width: 300px) 100vw, 300px\" \/><\/p>\n<p>&nbsp;<\/p>\n<p>Aliro quer dizer ACESSO: uma op\u00e7\u00e3o IDEAL para as suas necessidades.<br \/>\nComunicar com SIMPLICIDADE. Tornar o complicado COMPREENS\u00cdVEL.<\/p>\n<p>A Aliro Seguro nasceu para proteger o seu ve\u00edculo sem complica\u00e7\u00f5es, com op\u00e7\u00f5es enxutas de cobertura de acordo com as suas necessidades.<\/p>\n<p>Na Aliro Seguro, voc\u00ea n\u00e3o contrata nada al\u00e9m do que precisa para garantir a seguran\u00e7a do seu ve\u00edculo, com a tranquilidade de saber que estamos a um clique de dist\u00e2ncia.<br \/>\nAl\u00e9m de tudo isso, oferecemos confian\u00e7a e compromisso com a qualidade. A Aliro Seguro \u00e9 uma marca da Liberty Seguros: \u00e9 a qualidade e o compromisso Liberty que voc\u00ea j\u00e1 conhece por um valor que cabe no seu bolso.<\/p>\n<p>Resolva os imprevistos do dia a dia de maneira simples e descomplicada. Da contrata\u00e7\u00e3o \u00e0 resolu\u00e7\u00e3o de algum dano ou acidente, estamos prontos para ajudar. Fale com o seu corretor, ele pode esclarecer todas as suas d\u00favidas e apresentar uma op\u00e7\u00e3o que se adapte perfeitamente ao que voc\u00ea busca. A Aliro Seguro Auto cuida da seguran\u00e7a do seu ve\u00edculo e voc\u00ea dirige tranquilo!<\/p>\n<p><strong>POSSUI 2 PLANOS:<\/strong><\/p>\n<p><strong>&#8211; O Aliro Seguro Auto P<\/strong> : conta com coberturas exclusivamente para indeniza\u00e7\u00e3o integral, al\u00e9m de garantir a cobertura a terceiros<\/p>\n<ul>\n<li>Roubo ou Furto<\/li>\n<li>Roubo ou Furto + Colis\u00e3o e Inc\u00eandio<\/li>\n<li>Danos morais<\/li>\n<li>Danos materiais e corporais a terceiros<\/li>\n<\/ul>\n<p><strong>&#8211; O Aliro Seguro Auto M<\/strong> : conta com coberturas completas para indeniza\u00e7\u00e3o integral e parcial, al\u00e9m de garantir a cobertura a terceiros.<\/p>\n<ul>\n<li>Roubo ou furto + Colis\u00e3o e Inc\u00eandio + perda parcial + perda total<\/li>\n<li>Acidente pessoal de passageiro<\/li>\n<li>Danos materiais e corporais a terceiros<\/li>\n<li>Danos morais<\/li>\n<\/ul>\n<p>&#8211; Os seguros da Aliro podem ser combinados com diferentes pacotes de servi\u00e7os de assist\u00eancia 24 horas, que tamb\u00e9m s\u00e3o divididos entre P e M , conforme segue:<\/p>\n<p><strong>Pacote P:<\/strong><\/p>\n<ul>\n<li>Reparo \/ Auto Socorro ap\u00f3s problema ou parada do ve\u00edculo<\/li>\n<li>Reparo \/ Auto Socorro ap\u00f3s dano ou acidente com ve\u00edculo<\/li>\n<li>Reboque (guincho) ou recolha ap\u00f3s problema ou parada do ve\u00edculo<\/li>\n<li>Reboque (guincho) ou recolha ap\u00f3s dano ou acidente com o ve\u00edculo<\/li>\n<li>Guarda do ve\u00edculo ap\u00f3s reboque<\/li>\n<li>Chaveiro<\/li>\n<li>Socorro em caso de pane seca (falta de combust\u00edvel)<\/li>\n<li>Troca de pneus<\/li>\n<li>T\u00e1xi para retorno ao domic\u00edlio ou continua\u00e7\u00e3o de viagem, em caso de n\u00e3o poder seguir com seu pr\u00f3prio ve\u00edculo<\/li>\n<\/ul>\n<p><strong>Pacote M:<\/strong><\/p>\n<ul>\n<li>Reparo \/ Auto Socorro ap\u00f3s problema ou parada do ve\u00edculo<\/li>\n<li>Reparo \/ Auto Socorro ap\u00f3s dano ou acidente com ve\u00edculo<\/li>\n<li>Reboque (guincho) ou recolha ap\u00f3s problema ou parada do ve\u00edculo<\/li>\n<li>Reboque (guincho) ou recolha ap\u00f3s dano ou acidente com o ve\u00edculo<\/li>\n<li>Guarda do ve\u00edculo ap\u00f3s reboque<\/li>\n<li>Chaveiro<\/li>\n<li>Socorro em caso de pane seca (falta de combust\u00edvel)<\/li>\n<li>Troca de pneus<\/li>\n<li>T\u00e1xi para retorno ao domic\u00edlio ou continua\u00e7\u00e3o de viagem, em caso de n\u00e3o poder seguir com seu pr\u00f3prio ve\u00edculo<\/li>\n<\/ul>\n<p><strong>E MAIS<\/strong><\/p>\n<ul>\n<li>Hospedagem do segurado e acompanhantes pr\u00f3ximo ao local da ocorr\u00eancia<\/li>\n<li>Passagem de avi\u00e3o para o segurado recuperar\/resgatar o ve\u00edculo<\/li>\n<li>Remo\u00e7\u00e3o entre hospitais<\/li>\n<li>Passagem de avi\u00e3o para ida familiar ao local do acidente<\/li>\n<li>Hospedagem de familiar pr\u00f3ximo ao local do acidente<\/li>\n<li>Envio de motorista, caso necessite de algu\u00e9m para dirigir o ve\u00edculo<\/li>\n<li>Passagem de avi\u00e3o para o segurado voltar antecipadamente em caso de acidente<\/li>\n<\/ul>\n<p style=\"text-align: center;\"><div class=\"fusion-fullwidth fullwidth-box fusion-builder-row-1 hundred-percent-fullwidth non-hundred-percent-height-scrolling\" style=\"background-color: rgba(255,255,255,0);background-position: center center;background-repeat: no-repeat;padding-top:0px;padding-right:0px;padding-bottom:0px;padding-left:0px;margin-bottom: 0px;margin-top: 0px;border-width: 0px 0px 0px 0px;border-color:#eae9e9;border-style:solid;\" ><div class=\"fusion-builder-row fusion-row\"><div class=\"fusion-layout-column fusion_builder_column fusion-builder-column-0 fusion_builder_column_1_1 1_1 fusion-one-full fusion-column-first fusion-column-last fusion-column-no-min-height\" style=\"margin-top:0px;margin-bottom:0px;\"><div class=\"fusion-column-wrapper fusion-flex-column-wrapper-legacy\" style=\"background-position:left top;background-repeat:no-repeat;-webkit-background-size:cover;-moz-background-size:cover;-o-background-size:cover;background-size:cover;padding: 0px 0px 0px 0px;\"><div class=\"fusion-aligncenter\"><a class=\"fusion-button button-flat fusion-button-default-size button-darkgreen button-1 fusion-button-default-span fusion-button-default-type\" target=\"_self\" href=\"https:\/\/segurofacilbrasil.com.br\/newsite\/cotacao-de-seguro-para-carro\/\"><span class=\"fusion-button-text\">Solicite a cota\u00e7\u00e3o de Seguro para seu carro<\/span><\/a><\/div>\n<div class=\"fusion-clearfix\"><\/div><\/div><\/div><\/div><style type=\"text\/css\">.fusion-fullwidth.fusion-builder-row-1 { overflow:visible; }<\/style><\/div><\/p>\n","protected":false},"excerpt":{"rendered":"<p>&nbsp; Aliro quer dizer ACESSO: uma op\u00e7\u00e3o IDEAL para as suas necessidades. Comunicar com SIMPLICIDADE. Tornar o complicado COMPREENS\u00cdVEL. A Aliro Seguro nasceu para proteger o seu ve\u00edculo sem complica\u00e7\u00f5es, com op\u00e7\u00f5es enxutas de cobertura de acordo com as suas necessidades. Na Aliro Seguro, voc\u00ea n\u00e3o contrata nada al\u00e9m do que precisa para garantir a [&hellip;]<\/p>\n","protected":false},"author":1,"featured_media":13875,"parent":0,"menu_order":0,"comment_status":"closed","ping_status":"closed","template":"","meta":{"_exactmetrics_skip_tracking":false,"_exactmetrics_sitenote_active":false,"_exactmetrics_sitenote_note":"","_exactmetrics_sitenote_category":0,"_joinchat":[],"footnotes":""},"class_list":["post-13874","page","type-page","status-publish","has-post-thumbnail","hentry"],"yoast_head":"<!-- This site is optimized with the Yoast SEO plugin v23.2 - https:\/\/yoast.com\/wordpress\/plugins\/seo\/ -->\n<title>ALIRO SEGUROS - Seguro de carros - Seguro F\u00e1cil Brasil<\/title>\n<meta name=\"description\" content=\"Allianz Seguros; Seguro F\u00e1cil Brasil; Seguro para carro; Seguro auto; Azul Seguros; Azul; Porto Seguro; Assist\u00eancia 24 horas; seguro barato; seguro online\" \/>\n<meta name=\"robots\" content=\"index, follow, max-snippet:-1, max-image-preview:large, max-video-preview:-1\" \/>\n<link rel=\"canonical\" href=\"https:\/\/segurofacilbrasil.com.br\/newsite\/aliro-seguros\/\" \/>\n<meta property=\"og:locale\" content=\"pt_BR\" \/>\n<meta property=\"og:type\" content=\"article\" \/>\n<meta property=\"og:title\" content=\"ALIRO SEGUROS - Seguro de carros - Seguro F\u00e1cil Brasil\" \/>\n<meta property=\"og:description\" content=\"Allianz Seguros; Seguro F\u00e1cil Brasil; Seguro para carro; Seguro auto; Azul Seguros; Azul; Porto Seguro; Assist\u00eancia 24 horas; seguro barato; seguro online\" \/>\n<meta property=\"og:url\" content=\"https:\/\/segurofacilbrasil.com.br\/newsite\/aliro-seguros\/\" \/>\n<meta property=\"og:site_name\" content=\"Seguro de carros - Seguro F\u00e1cil Brasil\" \/>\n<meta property=\"article:modified_time\" content=\"2020-07-09T20:46:37+00:00\" \/>\n<meta property=\"og:image\" content=\"https:\/\/segurofacilbrasil.com.br\/newsite\/wp-content\/uploads\/2017\/10\/ALIRO-SEGUROS.png\" \/>\n\t<meta property=\"og:image:width\" content=\"700\" \/>\n\t<meta property=\"og:image:height\" content=\"440\" \/>\n\t<meta property=\"og:image:type\" content=\"image\/png\" \/>\n<meta name=\"twitter:label1\" content=\"Est. tempo de leitura\" \/>\n\t<meta name=\"twitter:data1\" content=\"4 minutos\" \/>\n<script type=\"application\/ld+json\" class=\"yoast-schema-graph\">{\"@context\":\"https:\/\/schema.org\",\"@graph\":[{\"@type\":\"WebPage\",\"@id\":\"https:\/\/segurofacilbrasil.com.br\/newsite\/aliro-seguros\/\",\"url\":\"https:\/\/segurofacilbrasil.com.br\/newsite\/aliro-seguros\/\",\"name\":\"ALIRO SEGUROS - Seguro de carros - Seguro F\u00e1cil Brasil\",\"isPartOf\":{\"@id\":\"https:\/\/segurofacilbrasil.com.br\/newsite\/#website\"},\"primaryImageOfPage\":{\"@id\":\"https:\/\/segurofacilbrasil.com.br\/newsite\/aliro-seguros\/#primaryimage\"},\"image\":{\"@id\":\"https:\/\/segurofacilbrasil.com.br\/newsite\/aliro-seguros\/#primaryimage\"},\"thumbnailUrl\":\"https:\/\/segurofacilbrasil.com.br\/newsite\/wp-content\/uploads\/2017\/10\/ALIRO-SEGUROS.png\",\"datePublished\":\"2017-10-04T11:20:36+00:00\",\"dateModified\":\"2020-07-09T20:46:37+00:00\",\"description\":\"Allianz Seguros; Seguro F\u00e1cil Brasil; Seguro para carro; Seguro auto; Azul Seguros; Azul; Porto Seguro; Assist\u00eancia 24 horas; seguro barato; seguro online\",\"breadcrumb\":{\"@id\":\"https:\/\/segurofacilbrasil.com.br\/newsite\/aliro-seguros\/#breadcrumb\"},\"inLanguage\":\"pt-BR\",\"potentialAction\":[{\"@type\":\"ReadAction\",\"target\":[\"https:\/\/segurofacilbrasil.com.br\/newsite\/aliro-seguros\/\"]}]},{\"@type\":\"ImageObject\",\"inLanguage\":\"pt-BR\",\"@id\":\"https:\/\/segurofacilbrasil.com.br\/newsite\/aliro-seguros\/#primaryimage\",\"url\":\"https:\/\/segurofacilbrasil.com.br\/newsite\/wp-content\/uploads\/2017\/10\/ALIRO-SEGUROS.png\",\"contentUrl\":\"https:\/\/segurofacilbrasil.com.br\/newsite\/wp-content\/uploads\/2017\/10\/ALIRO-SEGUROS.png\",\"width\":700,\"height\":440},{\"@type\":\"BreadcrumbList\",\"@id\":\"https:\/\/segurofacilbrasil.com.br\/newsite\/aliro-seguros\/#breadcrumb\",\"itemListElement\":[{\"@type\":\"ListItem\",\"position\":1,\"name\":\"In\u00edcio\",\"item\":\"https:\/\/segurofacilbrasil.com.br\/newsite\/\"},{\"@type\":\"ListItem\",\"position\":2,\"name\":\"ALIRO SEGUROS\"}]},{\"@type\":\"WebSite\",\"@id\":\"https:\/\/segurofacilbrasil.com.br\/newsite\/#website\",\"url\":\"https:\/\/segurofacilbrasil.com.br\/newsite\/\",\"name\":\"Seguro de carros - Seguro F\u00e1cil Brasil\",\"description\":\"Aqui \u00e9 assim! Seguro!\",\"potentialAction\":[{\"@type\":\"SearchAction\",\"target\":{\"@type\":\"EntryPoint\",\"urlTemplate\":\"https:\/\/segurofacilbrasil.com.br\/newsite\/?s={search_term_string}\"},\"query-input\":\"required name=search_term_string\"}],\"inLanguage\":\"pt-BR\"}]}<\/script>\n<!-- \/ Yoast SEO plugin. -->","yoast_head_json":{"title":"ALIRO SEGUROS - Seguro de carros - Seguro F\u00e1cil Brasil","description":"Allianz Seguros; Seguro F\u00e1cil Brasil; Seguro para carro; Seguro auto; Azul Seguros; Azul; Porto Seguro; Assist\u00eancia 24 horas; seguro barato; seguro online","robots":{"index":"index","follow":"follow","max-snippet":"max-snippet:-1","max-image-preview":"max-image-preview:large","max-video-preview":"max-video-preview:-1"},"canonical":"https:\/\/segurofacilbrasil.com.br\/newsite\/aliro-seguros\/","og_locale":"pt_BR","og_type":"article","og_title":"ALIRO SEGUROS - Seguro de carros - Seguro F\u00e1cil Brasil","og_description":"Allianz Seguros; Seguro F\u00e1cil Brasil; Seguro para carro; Seguro auto; Azul Seguros; Azul; Porto Seguro; Assist\u00eancia 24 horas; seguro barato; seguro online","og_url":"https:\/\/segurofacilbrasil.com.br\/newsite\/aliro-seguros\/","og_site_name":"Seguro de carros - Seguro F\u00e1cil Brasil","article_modified_time":"2020-07-09T20:46:37+00:00","og_image":[{"width":700,"height":440,"url":"https:\/\/segurofacilbrasil.com.br\/newsite\/wp-content\/uploads\/2017\/10\/ALIRO-SEGUROS.png","type":"image\/png"}],"twitter_misc":{"Est. tempo de leitura":"4 minutos"},"schema":{"@context":"https:\/\/schema.org","@graph":[{"@type":"WebPage","@id":"https:\/\/segurofacilbrasil.com.br\/newsite\/aliro-seguros\/","url":"https:\/\/segurofacilbrasil.com.br\/newsite\/aliro-seguros\/","name":"ALIRO SEGUROS - Seguro de carros - Seguro F\u00e1cil Brasil","isPartOf":{"@id":"https:\/\/segurofacilbrasil.com.br\/newsite\/#website"},"primaryImageOfPage":{"@id":"https:\/\/segurofacilbrasil.com.br\/newsite\/aliro-seguros\/#primaryimage"},"image":{"@id":"https:\/\/segurofacilbrasil.com.br\/newsite\/aliro-seguros\/#primaryimage"},"thumbnailUrl":"https:\/\/segurofacilbrasil.com.br\/newsite\/wp-content\/uploads\/2017\/10\/ALIRO-SEGUROS.png","datePublished":"2017-10-04T11:20:36+00:00","dateModified":"2020-07-09T20:46:37+00:00","description":"Allianz Seguros; Seguro F\u00e1cil Brasil; Seguro para carro; Seguro auto; Azul Seguros; Azul; Porto Seguro; Assist\u00eancia 24 horas; seguro barato; seguro online","breadcrumb":{"@id":"https:\/\/segurofacilbrasil.com.br\/newsite\/aliro-seguros\/#breadcrumb"},"inLanguage":"pt-BR","potentialAction":[{"@type":"ReadAction","target":["https:\/\/segurofacilbrasil.com.br\/newsite\/aliro-seguros\/"]}]},{"@type":"ImageObject","inLanguage":"pt-BR","@id":"https:\/\/segurofacilbrasil.com.br\/newsite\/aliro-seguros\/#primaryimage","url":"https:\/\/segurofacilbrasil.com.br\/newsite\/wp-content\/uploads\/2017\/10\/ALIRO-SEGUROS.png","contentUrl":"https:\/\/segurofacilbrasil.com.br\/newsite\/wp-content\/uploads\/2017\/10\/ALIRO-SEGUROS.png","width":700,"height":440},{"@type":"BreadcrumbList","@id":"https:\/\/segurofacilbrasil.com.br\/newsite\/aliro-seguros\/#breadcrumb","itemListElement":[{"@type":"ListItem","position":1,"name":"In\u00edcio","item":"https:\/\/segurofacilbrasil.com.br\/newsite\/"},{"@type":"ListItem","position":2,"name":"ALIRO SEGUROS"}]},{"@type":"WebSite","@id":"https:\/\/segurofacilbrasil.com.br\/newsite\/#website","url":"https:\/\/segurofacilbrasil.com.br\/newsite\/","name":"Seguro de carros - Seguro F\u00e1cil Brasil","description":"Aqui \u00e9 assim! Seguro!","potentialAction":[{"@type":"SearchAction","target":{"@type":"EntryPoint","urlTemplate":"https:\/\/segurofacilbrasil.com.br\/newsite\/?s={search_term_string}"},"query-input":"required name=search_term_string"}],"inLanguage":"pt-BR"}]}},"_links":{"self":[{"href":"https:\/\/segurofacilbrasil.com.br\/newsite\/wp-json\/wp\/v2\/pages\/13874"}],"collection":[{"href":"https:\/\/segurofacilbrasil.com.br\/newsite\/wp-json\/wp\/v2\/pages"}],"about":[{"href":"https:\/\/segurofacilbrasil.com.br\/newsite\/wp-json\/wp\/v2\/types\/page"}],"author":[{"embeddable":true,"href":"https:\/\/segurofacilbrasil.com.br\/newsite\/wp-json\/wp\/v2\/users\/1"}],"replies":[{"embeddable":true,"href":"https:\/\/segurofacilbrasil.com.br\/newsite\/wp-json\/wp\/v2\/comments?post=13874"}],"version-history":[{"count":4,"href":"https:\/\/segurofacilbrasil.com.br\/newsite\/wp-json\/wp\/v2\/pages\/13874\/revisions"}],"predecessor-version":[{"id":17908,"href":"https:\/\/segurofacilbrasil.com.br\/newsite\/wp-json\/wp\/v2\/pages\/13874\/revisions\/17908"}],"wp:featuredmedia":[{"embeddable":true,"href":"https:\/\/segurofacilbrasil.com.br\/newsite\/wp-json\/wp\/v2\/media\/13875"}],"wp:attachment":[{"href":"https:\/\/segurofacilbrasil.com.br\/newsite\/wp-json\/wp\/v2\/media?parent=13874"}],"curies":[{"name":"wp","href":"https:\/\/api.w.org\/{rel}","templated":true}]}}