{"id":742,"date":"2014-10-14T02:58:09","date_gmt":"2014-10-13T23:58:09","guid":{"rendered":"https:\/\/segurofacilbrasil.com.br\/newsite\/?page_id=742"},"modified":"2018-04-17T21:12:56","modified_gmt":"2018-04-17T18:12:56","slug":"cotacao-de-seguro-para-equipamentos-portateis","status":"publish","type":"page","link":"https:\/\/segurofacilbrasil.com.br\/newsite\/cotacao-de-seguro-para-equipamentos-portateis\/","title":{"rendered":"Cota\u00e7\u00e3o de seguro para Equipamentos Port\u00e1teis"},"content":{"rendered":"<p><iframe src=\"https:\/\/wwws.portoseguro.com.br\/vendaonline\/equipamentosportateis\/home.ns?cod=b7d8a75fbcf74a55b7151a3b9c80b4d4&#038;utm_source=98515J&#038;utm_medium=geradorLinks&#038;utm_campaign=GeradordeLinks_CMFZ3J&#038;utm_content=SEGURO_FACIL_BRASIL_CORRE_ASS_EM_SEG_LTD\" width=\"1030\" height=\"1650\" frameborder=\"0\"><\/iframe><\/p>\n","protected":false},"excerpt":{"rendered":"","protected":false},"author":1,"featured_media":0,"parent":0,"menu_order":0,"comment_status":"open","ping_status":"open","template":"","meta":{"_exactmetrics_skip_tracking":false,"_exactmetrics_sitenote_active":false,"_exactmetrics_sitenote_note":"","_exactmetrics_sitenote_category":0,"_joinchat":[],"footnotes":""},"class_list":["post-742","page","type-page","status-publish","hentry"],"yoast_head":"<!-- This site is optimized with the Yoast SEO plugin v23.2 - https:\/\/yoast.com\/wordpress\/plugins\/seo\/ -->\n<title>Cota\u00e7\u00e3o de seguro para Equipamentos Port\u00e1teis - Seguro de carros - Seguro F\u00e1cil Brasil<\/title>\n<meta name=\"robots\" content=\"index, follow, max-snippet:-1, max-image-preview:large, max-video-preview:-1\" \/>\n<link rel=\"canonical\" href=\"https:\/\/segurofacilbrasil.com.br\/newsite\/cotacao-de-seguro-para-equipamentos-portateis\/\" \/>\n<meta property=\"og:locale\" content=\"pt_BR\" \/>\n<meta property=\"og:type\" content=\"article\" \/>\n<meta property=\"og:title\" content=\"Cota\u00e7\u00e3o de seguro para Equipamentos Port\u00e1teis - Seguro de carros - Seguro F\u00e1cil Brasil\" \/>\n<meta property=\"og:url\" content=\"https:\/\/segurofacilbrasil.com.br\/newsite\/cotacao-de-seguro-para-equipamentos-portateis\/\" \/>\n<meta property=\"og:site_name\" content=\"Seguro de carros - Seguro F\u00e1cil Brasil\" \/>\n<meta property=\"article:modified_time\" content=\"2018-04-17T18:12:56+00:00\" \/>\n<script type=\"application\/ld+json\" class=\"yoast-schema-graph\">{\"@context\":\"https:\/\/schema.org\",\"@graph\":[{\"@type\":\"WebPage\",\"@id\":\"https:\/\/segurofacilbrasil.com.br\/newsite\/cotacao-de-seguro-para-equipamentos-portateis\/\",\"url\":\"https:\/\/segurofacilbrasil.com.br\/newsite\/cotacao-de-seguro-para-equipamentos-portateis\/\",\"name\":\"Cota\u00e7\u00e3o de seguro para Equipamentos Port\u00e1teis - Seguro de carros - Seguro F\u00e1cil Brasil\",\"isPartOf\":{\"@id\":\"https:\/\/segurofacilbrasil.com.br\/newsite\/#website\"},\"datePublished\":\"2014-10-13T23:58:09+00:00\",\"dateModified\":\"2018-04-17T18:12:56+00:00\",\"breadcrumb\":{\"@id\":\"https:\/\/segurofacilbrasil.com.br\/newsite\/cotacao-de-seguro-para-equipamentos-portateis\/#breadcrumb\"},\"inLanguage\":\"pt-BR\",\"potentialAction\":[{\"@type\":\"ReadAction\",\"target\":[\"https:\/\/segurofacilbrasil.com.br\/newsite\/cotacao-de-seguro-para-equipamentos-portateis\/\"]}]},{\"@type\":\"BreadcrumbList\",\"@id\":\"https:\/\/segurofacilbrasil.com.br\/newsite\/cotacao-de-seguro-para-equipamentos-portateis\/#breadcrumb\",\"itemListElement\":[{\"@type\":\"ListItem\",\"position\":1,\"name\":\"In\u00edcio\",\"item\":\"https:\/\/segurofacilbrasil.com.br\/newsite\/\"},{\"@type\":\"ListItem\",\"position\":2,\"name\":\"Cota\u00e7\u00e3o de seguro para Equipamentos Port\u00e1teis\"}]},{\"@type\":\"WebSite\",\"@id\":\"https:\/\/segurofacilbrasil.com.br\/newsite\/#website\",\"url\":\"https:\/\/segurofacilbrasil.com.br\/newsite\/\",\"name\":\"Seguro de carros - Seguro F\u00e1cil Brasil\",\"description\":\"Aqui \u00e9 assim! Seguro!\",\"potentialAction\":[{\"@type\":\"SearchAction\",\"target\":{\"@type\":\"EntryPoint\",\"urlTemplate\":\"https:\/\/segurofacilbrasil.com.br\/newsite\/?s={search_term_string}\"},\"query-input\":\"required name=search_term_string\"}],\"inLanguage\":\"pt-BR\"}]}<\/script>\n<!-- \/ Yoast SEO plugin. -->","yoast_head_json":{"title":"Cota\u00e7\u00e3o de seguro para Equipamentos Port\u00e1teis - Seguro de carros - Seguro F\u00e1cil Brasil","robots":{"index":"index","follow":"follow","max-snippet":"max-snippet:-1","max-image-preview":"max-image-preview:large","max-video-preview":"max-video-preview:-1"},"canonical":"https:\/\/segurofacilbrasil.com.br\/newsite\/cotacao-de-seguro-para-equipamentos-portateis\/","og_locale":"pt_BR","og_type":"article","og_title":"Cota\u00e7\u00e3o de seguro para Equipamentos Port\u00e1teis - Seguro de carros - Seguro F\u00e1cil Brasil","og_url":"https:\/\/segurofacilbrasil.com.br\/newsite\/cotacao-de-seguro-para-equipamentos-portateis\/","og_site_name":"Seguro de carros - Seguro F\u00e1cil Brasil","article_modified_time":"2018-04-17T18:12:56+00:00","schema":{"@context":"https:\/\/schema.org","@graph":[{"@type":"WebPage","@id":"https:\/\/segurofacilbrasil.com.br\/newsite\/cotacao-de-seguro-para-equipamentos-portateis\/","url":"https:\/\/segurofacilbrasil.com.br\/newsite\/cotacao-de-seguro-para-equipamentos-portateis\/","name":"Cota\u00e7\u00e3o de seguro para Equipamentos Port\u00e1teis - Seguro de carros - Seguro F\u00e1cil Brasil","isPartOf":{"@id":"https:\/\/segurofacilbrasil.com.br\/newsite\/#website"},"datePublished":"2014-10-13T23:58:09+00:00","dateModified":"2018-04-17T18:12:56+00:00","breadcrumb":{"@id":"https:\/\/segurofacilbrasil.com.br\/newsite\/cotacao-de-seguro-para-equipamentos-portateis\/#breadcrumb"},"inLanguage":"pt-BR","potentialAction":[{"@type":"ReadAction","target":["https:\/\/segurofacilbrasil.com.br\/newsite\/cotacao-de-seguro-para-equipamentos-portateis\/"]}]},{"@type":"BreadcrumbList","@id":"https:\/\/segurofacilbrasil.com.br\/newsite\/cotacao-de-seguro-para-equipamentos-portateis\/#breadcrumb","itemListElement":[{"@type":"ListItem","position":1,"name":"In\u00edcio","item":"https:\/\/segurofacilbrasil.com.br\/newsite\/"},{"@type":"ListItem","position":2,"name":"Cota\u00e7\u00e3o de seguro para Equipamentos Port\u00e1teis"}]},{"@type":"WebSite","@id":"https:\/\/segurofacilbrasil.com.br\/newsite\/#website","url":"https:\/\/segurofacilbrasil.com.br\/newsite\/","name":"Seguro de carros - Seguro F\u00e1cil Brasil","description":"Aqui \u00e9 assim! Seguro!","potentialAction":[{"@type":"SearchAction","target":{"@type":"EntryPoint","urlTemplate":"https:\/\/segurofacilbrasil.com.br\/newsite\/?s={search_term_string}"},"query-input":"required name=search_term_string"}],"inLanguage":"pt-BR"}]}},"_links":{"self":[{"href":"https:\/\/segurofacilbrasil.com.br\/newsite\/wp-json\/wp\/v2\/pages\/742"}],"collection":[{"href":"https:\/\/segurofacilbrasil.com.br\/newsite\/wp-json\/wp\/v2\/pages"}],"about":[{"href":"https:\/\/segurofacilbrasil.com.br\/newsite\/wp-json\/wp\/v2\/types\/page"}],"author":[{"embeddable":true,"href":"https:\/\/segurofacilbrasil.com.br\/newsite\/wp-json\/wp\/v2\/users\/1"}],"replies":[{"embeddable":true,"href":"https:\/\/segurofacilbrasil.com.br\/newsite\/wp-json\/wp\/v2\/comments?post=742"}],"version-history":[{"count":3,"href":"https:\/\/segurofacilbrasil.com.br\/newsite\/wp-json\/wp\/v2\/pages\/742\/revisions"}],"predecessor-version":[{"id":15073,"href":"https:\/\/segurofacilbrasil.com.br\/newsite\/wp-json\/wp\/v2\/pages\/742\/revisions\/15073"}],"wp:attachment":[{"href":"https:\/\/segurofacilbrasil.com.br\/newsite\/wp-json\/wp\/v2\/media?parent=742"}],"curies":[{"name":"wp","href":"https:\/\/api.w.org\/{rel}","templated":true}]}}