{"id":9532,"date":"2016-07-05T22:53:37","date_gmt":"2016-07-05T19:53:37","guid":{"rendered":"http:\/\/segurofacilbrasil.com.br\/newsite\/?page_id=9532"},"modified":"2020-07-09T23:46:38","modified_gmt":"2020-07-09T20:46:38","slug":"seguro-residencial","status":"publish","type":"page","link":"https:\/\/segurofacilbrasil.com.br\/newsite\/seguro-residencial\/","title":{"rendered":"Seguro Residencial"},"content":{"rendered":"<p><div class=\"fusion-fullwidth fullwidth-box fusion-builder-row-1 hundred-percent-fullwidth non-hundred-percent-height-scrolling\" style=\"background-color: rgba(255,255,255,0);background-position: center center;background-repeat: no-repeat;padding-top:0px;padding-right:0px;padding-bottom:0px;padding-left:0px;margin-bottom: 0px;margin-top: 0px;border-width: 0px 0px 0px 0px;border-color:#eae9e9;border-style:solid;\" ><div class=\"fusion-builder-row fusion-row\"><div class=\"fusion-layout-column fusion_builder_column fusion-builder-column-0 fusion_builder_column_1_1 1_1 fusion-one-full fusion-column-first fusion-column-last fusion-column-no-min-height\" style=\"margin-top:0px;margin-bottom:0px;\"><div class=\"fusion-column-wrapper fusion-flex-column-wrapper-legacy\" style=\"background-position:left top;background-repeat:no-repeat;-webkit-background-size:cover;-moz-background-size:cover;-o-background-size:cover;background-size:cover;padding: 0px 0px 0px 0px;\"><div class=\"fusion-text fusion-text-1\"><h2 style=\"text-align: justify;\"><span style=\"color: #008d45;\">O seguro residencial trata-se de um produto para garantir o\u00a0seu patrim\u00f4nio de eventuais sinistros e lhe garantir sua\u00a0comodidade com in\u00fameras vantagens e assist\u00eancias ao seu\u00a0im\u00f3vel.<\/span><\/h2>\n<h2 style=\"text-align: justify;\"><span style=\"color: #008d45;\">Assim, voc\u00ea protege suas conquistas e segue sua vida mais\u00a0tranquila.<\/span><\/h2>\n<\/div><div class=\"fusion-clearfix\"><\/div><\/div><\/div><\/div><style type=\"text\/css\">.fusion-fullwidth.fusion-builder-row-1 { overflow:visible; }<\/style><\/div><div class=\"fusion-fullwidth fullwidth-box fusion-builder-row-2 nonhundred-percent-fullwidth non-hundred-percent-height-scrolling\" style=\"background-color: rgba(255,255,255,0);background-position: left top;background-repeat: no-repeat;padding-top:0px;padding-right:0px;padding-bottom:30px;padding-left:0px;margin-bottom: 0px;margin-top: 0px;border-width: 0px 0px 0px 0px;border-color:#eae9e9;border-style:solid;\" ><div class=\"fusion-builder-row fusion-row\"><div class=\"fusion-layout-column fusion_builder_column fusion-builder-column-1 fusion_builder_column_1_1 1_1 fusion-one-full fusion-column-first fusion-column-last fusion-column-no-min-height\" style=\"margin-top:0px;margin-bottom:0px;\"><div class=\"fusion-column-wrapper fusion-flex-column-wrapper-legacy\" style=\"background-position:left top;background-repeat:no-repeat;-webkit-background-size:cover;-moz-background-size:cover;-o-background-size:cover;background-size:cover;padding: 0px 0px 0px 0px;\"><div class=\"fusion-button-wrapper\"><a class=\"fusion-button button-3d button-xlarge button-green button-1 fusion-button-default-span \" target=\"_self\" href=\"https:\/\/segurofacilbrasil.com.br\/newsite\/cotacao-de-seguro-para-casa\/\"><span class=\"fusion-button-text\">PEDIR COTA\u00c7\u00c3O AGORA<\/span><\/a><\/div><div class=\"fusion-clearfix\"><\/div><\/div><\/div><\/div><\/div><div class=\"fusion-fullwidth fullwidth-box fusion-builder-row-3 hundred-percent-fullwidth non-hundred-percent-height-scrolling\" style=\"background-color: rgba(255,255,255,0);background-position: center center;background-repeat: no-repeat;padding-top:0px;padding-right:0px;padding-bottom:0px;padding-left:0px;margin-bottom: 0px;margin-top: 0px;border-width: 0px 0px 0px 0px;border-color:#eae9e9;border-style:solid;\" ><div class=\"fusion-builder-row fusion-row\"><div class=\"fusion-layout-column fusion_builder_column fusion-builder-column-2 fusion_builder_column_1_1 1_1 fusion-one-full fusion-column-first fusion-column-last fusion-column-no-min-height\" style=\"margin-top:0px;margin-bottom:0px;\"><div class=\"fusion-column-wrapper fusion-flex-column-wrapper-legacy\" style=\"background-position:left top;background-repeat:no-repeat;-webkit-background-size:cover;-moz-background-size:cover;-o-background-size:cover;background-size:cover;padding: 0px 0px 0px 0px;\"><div class=\"fusion-text fusion-text-2\"><h2 style=\"text-align: justify;\">Algumas das coberturas que podem ser contratas no seguro\u00a0de casa:<\/h2>\n<h3 style=\"text-align: justify;\">INC\u00caNDIO:<\/h3>\n<p style=\"text-align: justify;\">Garante os danos causados ao im\u00f3vel por inc\u00eandio\u00a0e explos\u00e3o de qualquer natureza.<\/p>\n<h3 style=\"text-align: justify;\">DANOS EL\u00c9TRICOS:<\/h3>\n<p style=\"text-align: justify;\">Cobre os danos a aparelhos e\u00a0instala\u00e7\u00f5es el\u00e9tricas por curto-circuito e queda de raio fora da\u00a0resid\u00eancia.<\/p>\n<h3 style=\"text-align: justify;\">QUEDA DE RAIO:<\/h3>\n<p style=\"text-align: justify;\">S\u00e3o descargas el\u00e9tricas por queda de raio\u00a0dentro do terreno segurado, causando danos aos aparelhos e\u00a0fia\u00e7\u00e3o da resid\u00eancia.<\/p>\n<h3 style=\"text-align: justify;\">ROUBO ou FURTO QUALIFICADO (com vest\u00edgios):<\/h3>\n<p style=\"text-align: justify;\">Sabemos que ningu\u00e9m est\u00e1 livre de sofrer um assalto, mesmo\u00a0com cercas el\u00e9tricas, muros altos e travas nas portas. Esta\u00a0garantia cobre o roubo ou furto qualificado de bens da\u00a0resid\u00eancia mediante ao arrombamento ou assalto. E ainda lhe\u00a0garante os respectivos danos causados a portas, janelas e\u00a0outras partes do im\u00f3vel decorrente do evento.<\/p>\n<h3 style=\"text-align: justify;\">RESPONSABILIDADE CIVIL FAMILIAR:<\/h3>\n<p style=\"text-align: justify;\">Garante danos\u00a0involunt\u00e1rios, materiais ou corporais, causados a terceiros\u00a0provocados pelo segurado, c\u00f4njuge, filhos menores e at\u00e9\u00a0animais de estima\u00e7\u00e3o. Quer um exemplo: Vazamentos com\u00a0danos a im\u00f3veis vizinhos.<\/p>\n<h3 style=\"text-align: justify;\">VENDAVAL, GRANIZO, TORNADO, VENTOS FORTES:<\/h3>\n<p style=\"text-align: justify;\">Cobre eventuais perdas ou danos causados ao im\u00f3vel, diante\u00a0destes eventos da natureza.<\/p>\n<h3 style=\"text-align: justify;\">QUEBRA DE VIDROS:<\/h3>\n<p style=\"text-align: justify;\">Garante despesas com a quebra de\u00a0vidros internos e externos, espelhos, tampo de mesa. S\u00e3o\u00a0danos comuns em uma resid\u00eancia.<\/p>\n<h3 style=\"text-align: justify;\">IMPACTO DE VE\u00cdCULOS TERRESTRES E A\u00c9REOS:<\/h3>\n<p style=\"text-align: justify;\">Cobre\u00a0danos materiais por queda de aeronaves e impacto de ve\u00edculos\u00a0terrestres. Acidentes poss\u00edveis em \u00e1reas residenciais.<\/p>\n<h3 style=\"text-align: justify;\">DESMORONAMENTO:<\/h3>\n<p style=\"text-align: justify;\">Cobre danos materiais diretamente\u00a0causados por desmoronamento total ou parcial do im\u00f3vel\u00a0segurado, al\u00e9m dos custos de prote\u00e7\u00e3o do local.<\/p>\n<h3 style=\"text-align: justify;\">ASSIST\u00caNCIA 24 HORAS:<\/h3>\n<p style=\"text-align: justify;\">Trata-se de servi\u00e7os de\u00a0manuten\u00e7\u00e3o e de emerg\u00eancia ao im\u00f3vel como chaveiro,\u00a0reparos emergenciais el\u00e9tricos e hidr\u00e1ulicos, vidraceiro,\u00a0desentupidor e muitos outros como, m\u00e3o de obra para reparos\u00a0em m\u00e1quina de lavar roupa e lou\u00e7a, tanquinho, geladeira,\u00a0microondas. Servi\u00e7os emerg\u00eancias dispon\u00edvel 24h pela\u00a0seguradora. *de acordo com o plano contratado.<\/p>\n<p style=\"text-align: justify;\">A Seguro F\u00e1cil Brasil, oferta o seguro residencial nas melhores\u00a0companhias de seguro do mercado, oferecendo prote\u00e7\u00e3o em\u00a0uma eventual queda de raio danificando seus eletrodom\u00e9stico,\u00a0preju\u00edzos causados por um roubo e furto. Ou at\u00e9 mesmo um\u00a0evento da natureza, que foge do nosso controle, como exemplo\u00a0um vendaval destelhando a casa.<\/p>\n<p style=\"text-align: justify;\">A assist\u00eancia 24 horas, \u00e9 outro atrativo no seguro de casa,\u00a0que pode auxiliar e lhe garantir suporte e reparos emergenciais\u00a0em sua casa.<\/p>\n<p style=\"text-align: justify;\">Para voc\u00ea fazer a\u00a0cota\u00e7\u00e3o de seguro casa, a Seguro F\u00e1cil\u00a0Brasil\u00a0conta com profissionais com mais de 20 anos de\u00a0experi\u00eancia no setor de Seguros. A\u00a0cota\u00e7\u00e3o de seguro\u00a0casa\u00a0pode ser realizada com toda comodidade\u00a0em nosso\u00a0sistema de\u00a0cota\u00e7\u00e3o de seguro online\u00a0atrav\u00e9s de nossa p\u00e1gina\u00a0www.segurofacilbrasil.com.br\u00a0, pelos fones: 0300 770 1234 \/\u00a0(19) 3790-1414 ou em nossas instala\u00e7\u00f5es localizada na R.\u00a0Am\u00e9rico de Moura, 512 \u2013 CEP 13076-628 \u2013 Campinas\/SP.<\/p>\n<p style=\"text-align: justify;\">Na\u00a0Seguro F\u00e1cil Brasil\u00a0voc\u00ea ir\u00e1 receber todas as orienta\u00e7\u00f5es\u00a0para contratar o melhor para a sua tranquilidade e seguran\u00e7a,\u00a0pois trabalhamos com as melhores Seguradoras do Brasil.<\/p>\n<p style=\"text-align: justify;\">A\u00a0cota\u00e7\u00e3o de seguro online\u00a0\u00e9 pr\u00e1tico, r\u00e1pido e voc\u00ea receber\u00e1\u00a0sem compromisso um estudo completo das coberturas e\u00a0pre\u00e7os para voc\u00ea contratar o seguro residencial.<\/p>\n<p style=\"text-align: justify;\"><strong>Fa\u00e7a agora o seguro de sua casa e garanta a prote\u00e7\u00e3o dos\u00a0seus bens mais valiosos.<\/strong><\/p>\n<\/div><div class=\"fusion-button-wrapper\"><a class=\"fusion-button button-3d button-xlarge button-green button-2 fusion-button-default-span \" target=\"_self\" href=\"https:\/\/segurofacilbrasil.com.br\/newsite\/cotacao-de-seguro-para-casa\/\"><span class=\"fusion-button-text\">PEDIR COTA\u00c7\u00c3O AGORA<\/span><\/a><\/div><div class=\"fusion-clearfix\"><\/div><\/div><\/div><\/div><style type=\"text\/css\">.fusion-fullwidth.fusion-builder-row-3 { overflow:visible; }<\/style><\/div><\/p>\n","protected":false},"excerpt":{"rendered":"","protected":false},"author":1,"featured_media":9534,"parent":0,"menu_order":0,"comment_status":"closed","ping_status":"closed","template":"","meta":{"_exactmetrics_skip_tracking":false,"_exactmetrics_sitenote_active":false,"_exactmetrics_sitenote_note":"","_exactmetrics_sitenote_category":0,"_joinchat":[],"footnotes":""},"class_list":["post-9532","page","type-page","status-publish","has-post-thumbnail","hentry"],"yoast_head":"<!-- This site is optimized with the Yoast SEO plugin v23.2 - https:\/\/yoast.com\/wordpress\/plugins\/seo\/ -->\n<title>Seguro Residencial - Seguro de carros - Seguro F\u00e1cil Brasil<\/title>\n<meta name=\"description\" content=\"O seguro residencial protege o seu patrim\u00f4nio de eventuais sinistros e lhe garantir sua comodidade com in\u00fameras vantagens e assist\u00eancias ao seu im\u00f3vel.\" \/>\n<meta name=\"robots\" content=\"index, follow, max-snippet:-1, max-image-preview:large, max-video-preview:-1\" \/>\n<link rel=\"canonical\" href=\"https:\/\/segurofacilbrasil.com.br\/newsite\/seguro-residencial\/\" \/>\n<meta property=\"og:locale\" content=\"pt_BR\" \/>\n<meta property=\"og:type\" content=\"article\" \/>\n<meta property=\"og:title\" content=\"Seguro Residencial - Seguro de carros - Seguro F\u00e1cil Brasil\" \/>\n<meta property=\"og:description\" content=\"O seguro residencial protege o seu patrim\u00f4nio de eventuais sinistros e lhe garantir sua comodidade com in\u00fameras vantagens e assist\u00eancias ao seu im\u00f3vel.\" \/>\n<meta property=\"og:url\" content=\"https:\/\/segurofacilbrasil.com.br\/newsite\/seguro-residencial\/\" \/>\n<meta property=\"og:site_name\" content=\"Seguro de carros - Seguro F\u00e1cil Brasil\" \/>\n<meta property=\"article:modified_time\" content=\"2020-07-09T20:46:38+00:00\" \/>\n<meta property=\"og:image\" content=\"https:\/\/segurofacilbrasil.com.br\/newsite\/wp-content\/uploads\/2016\/07\/seguro_residencial.png\" \/>\n\t<meta property=\"og:image:width\" content=\"619\" \/>\n\t<meta property=\"og:image:height\" content=\"336\" \/>\n\t<meta property=\"og:image:type\" content=\"image\/png\" \/>\n<meta name=\"twitter:label1\" content=\"Est. tempo de leitura\" \/>\n\t<meta name=\"twitter:data1\" content=\"5 minutos\" \/>\n<script type=\"application\/ld+json\" class=\"yoast-schema-graph\">{\"@context\":\"https:\/\/schema.org\",\"@graph\":[{\"@type\":\"WebPage\",\"@id\":\"https:\/\/segurofacilbrasil.com.br\/newsite\/seguro-residencial\/\",\"url\":\"https:\/\/segurofacilbrasil.com.br\/newsite\/seguro-residencial\/\",\"name\":\"Seguro Residencial - Seguro de carros - Seguro F\u00e1cil Brasil\",\"isPartOf\":{\"@id\":\"https:\/\/segurofacilbrasil.com.br\/newsite\/#website\"},\"primaryImageOfPage\":{\"@id\":\"https:\/\/segurofacilbrasil.com.br\/newsite\/seguro-residencial\/#primaryimage\"},\"image\":{\"@id\":\"https:\/\/segurofacilbrasil.com.br\/newsite\/seguro-residencial\/#primaryimage\"},\"thumbnailUrl\":\"https:\/\/segurofacilbrasil.com.br\/newsite\/wp-content\/uploads\/2016\/07\/seguro_residencial.png\",\"datePublished\":\"2016-07-05T19:53:37+00:00\",\"dateModified\":\"2020-07-09T20:46:38+00:00\",\"description\":\"O seguro residencial protege o seu patrim\u00f4nio de eventuais sinistros e lhe garantir sua comodidade com in\u00fameras vantagens e assist\u00eancias ao seu im\u00f3vel.\",\"breadcrumb\":{\"@id\":\"https:\/\/segurofacilbrasil.com.br\/newsite\/seguro-residencial\/#breadcrumb\"},\"inLanguage\":\"pt-BR\",\"potentialAction\":[{\"@type\":\"ReadAction\",\"target\":[\"https:\/\/segurofacilbrasil.com.br\/newsite\/seguro-residencial\/\"]}]},{\"@type\":\"ImageObject\",\"inLanguage\":\"pt-BR\",\"@id\":\"https:\/\/segurofacilbrasil.com.br\/newsite\/seguro-residencial\/#primaryimage\",\"url\":\"https:\/\/segurofacilbrasil.com.br\/newsite\/wp-content\/uploads\/2016\/07\/seguro_residencial.png\",\"contentUrl\":\"https:\/\/segurofacilbrasil.com.br\/newsite\/wp-content\/uploads\/2016\/07\/seguro_residencial.png\",\"width\":619,\"height\":336,\"caption\":\"seguro residencial\"},{\"@type\":\"BreadcrumbList\",\"@id\":\"https:\/\/segurofacilbrasil.com.br\/newsite\/seguro-residencial\/#breadcrumb\",\"itemListElement\":[{\"@type\":\"ListItem\",\"position\":1,\"name\":\"In\u00edcio\",\"item\":\"https:\/\/segurofacilbrasil.com.br\/newsite\/\"},{\"@type\":\"ListItem\",\"position\":2,\"name\":\"Seguro Residencial\"}]},{\"@type\":\"WebSite\",\"@id\":\"https:\/\/segurofacilbrasil.com.br\/newsite\/#website\",\"url\":\"https:\/\/segurofacilbrasil.com.br\/newsite\/\",\"name\":\"Seguro de carros - Seguro F\u00e1cil Brasil\",\"description\":\"Aqui \u00e9 assim! Seguro!\",\"potentialAction\":[{\"@type\":\"SearchAction\",\"target\":{\"@type\":\"EntryPoint\",\"urlTemplate\":\"https:\/\/segurofacilbrasil.com.br\/newsite\/?s={search_term_string}\"},\"query-input\":\"required name=search_term_string\"}],\"inLanguage\":\"pt-BR\"}]}<\/script>\n<!-- \/ Yoast SEO plugin. -->","yoast_head_json":{"title":"Seguro Residencial - Seguro de carros - Seguro F\u00e1cil Brasil","description":"O seguro residencial protege o seu patrim\u00f4nio de eventuais sinistros e lhe garantir sua comodidade com in\u00fameras vantagens e assist\u00eancias ao seu im\u00f3vel.","robots":{"index":"index","follow":"follow","max-snippet":"max-snippet:-1","max-image-preview":"max-image-preview:large","max-video-preview":"max-video-preview:-1"},"canonical":"https:\/\/segurofacilbrasil.com.br\/newsite\/seguro-residencial\/","og_locale":"pt_BR","og_type":"article","og_title":"Seguro Residencial - Seguro de carros - Seguro F\u00e1cil Brasil","og_description":"O seguro residencial protege o seu patrim\u00f4nio de eventuais sinistros e lhe garantir sua comodidade com in\u00fameras vantagens e assist\u00eancias ao seu im\u00f3vel.","og_url":"https:\/\/segurofacilbrasil.com.br\/newsite\/seguro-residencial\/","og_site_name":"Seguro de carros - Seguro F\u00e1cil Brasil","article_modified_time":"2020-07-09T20:46:38+00:00","og_image":[{"width":619,"height":336,"url":"https:\/\/segurofacilbrasil.com.br\/newsite\/wp-content\/uploads\/2016\/07\/seguro_residencial.png","type":"image\/png"}],"twitter_misc":{"Est. tempo de leitura":"5 minutos"},"schema":{"@context":"https:\/\/schema.org","@graph":[{"@type":"WebPage","@id":"https:\/\/segurofacilbrasil.com.br\/newsite\/seguro-residencial\/","url":"https:\/\/segurofacilbrasil.com.br\/newsite\/seguro-residencial\/","name":"Seguro Residencial - Seguro de carros - Seguro F\u00e1cil Brasil","isPartOf":{"@id":"https:\/\/segurofacilbrasil.com.br\/newsite\/#website"},"primaryImageOfPage":{"@id":"https:\/\/segurofacilbrasil.com.br\/newsite\/seguro-residencial\/#primaryimage"},"image":{"@id":"https:\/\/segurofacilbrasil.com.br\/newsite\/seguro-residencial\/#primaryimage"},"thumbnailUrl":"https:\/\/segurofacilbrasil.com.br\/newsite\/wp-content\/uploads\/2016\/07\/seguro_residencial.png","datePublished":"2016-07-05T19:53:37+00:00","dateModified":"2020-07-09T20:46:38+00:00","description":"O seguro residencial protege o seu patrim\u00f4nio de eventuais sinistros e lhe garantir sua comodidade com in\u00fameras vantagens e assist\u00eancias ao seu im\u00f3vel.","breadcrumb":{"@id":"https:\/\/segurofacilbrasil.com.br\/newsite\/seguro-residencial\/#breadcrumb"},"inLanguage":"pt-BR","potentialAction":[{"@type":"ReadAction","target":["https:\/\/segurofacilbrasil.com.br\/newsite\/seguro-residencial\/"]}]},{"@type":"ImageObject","inLanguage":"pt-BR","@id":"https:\/\/segurofacilbrasil.com.br\/newsite\/seguro-residencial\/#primaryimage","url":"https:\/\/segurofacilbrasil.com.br\/newsite\/wp-content\/uploads\/2016\/07\/seguro_residencial.png","contentUrl":"https:\/\/segurofacilbrasil.com.br\/newsite\/wp-content\/uploads\/2016\/07\/seguro_residencial.png","width":619,"height":336,"caption":"seguro residencial"},{"@type":"BreadcrumbList","@id":"https:\/\/segurofacilbrasil.com.br\/newsite\/seguro-residencial\/#breadcrumb","itemListElement":[{"@type":"ListItem","position":1,"name":"In\u00edcio","item":"https:\/\/segurofacilbrasil.com.br\/newsite\/"},{"@type":"ListItem","position":2,"name":"Seguro Residencial"}]},{"@type":"WebSite","@id":"https:\/\/segurofacilbrasil.com.br\/newsite\/#website","url":"https:\/\/segurofacilbrasil.com.br\/newsite\/","name":"Seguro de carros - Seguro F\u00e1cil Brasil","description":"Aqui \u00e9 assim! Seguro!","potentialAction":[{"@type":"SearchAction","target":{"@type":"EntryPoint","urlTemplate":"https:\/\/segurofacilbrasil.com.br\/newsite\/?s={search_term_string}"},"query-input":"required name=search_term_string"}],"inLanguage":"pt-BR"}]}},"_links":{"self":[{"href":"https:\/\/segurofacilbrasil.com.br\/newsite\/wp-json\/wp\/v2\/pages\/9532"}],"collection":[{"href":"https:\/\/segurofacilbrasil.com.br\/newsite\/wp-json\/wp\/v2\/pages"}],"about":[{"href":"https:\/\/segurofacilbrasil.com.br\/newsite\/wp-json\/wp\/v2\/types\/page"}],"author":[{"embeddable":true,"href":"https:\/\/segurofacilbrasil.com.br\/newsite\/wp-json\/wp\/v2\/users\/1"}],"replies":[{"embeddable":true,"href":"https:\/\/segurofacilbrasil.com.br\/newsite\/wp-json\/wp\/v2\/comments?post=9532"}],"version-history":[{"count":22,"href":"https:\/\/segurofacilbrasil.com.br\/newsite\/wp-json\/wp\/v2\/pages\/9532\/revisions"}],"predecessor-version":[{"id":17924,"href":"https:\/\/segurofacilbrasil.com.br\/newsite\/wp-json\/wp\/v2\/pages\/9532\/revisions\/17924"}],"wp:featuredmedia":[{"embeddable":true,"href":"https:\/\/segurofacilbrasil.com.br\/newsite\/wp-json\/wp\/v2\/media\/9534"}],"wp:attachment":[{"href":"https:\/\/segurofacilbrasil.com.br\/newsite\/wp-json\/wp\/v2\/media?parent=9532"}],"curies":[{"name":"wp","href":"https:\/\/api.w.org\/{rel}","templated":true}]}}