{"id":9835,"date":"2016-07-22T23:56:20","date_gmt":"2016-07-22T20:56:20","guid":{"rendered":"http:\/\/segurofacilbrasil.com.br\/newsite\/?page_id=9835"},"modified":"2020-07-09T23:46:38","modified_gmt":"2020-07-09T20:46:38","slug":"porto-seguro","status":"publish","type":"page","link":"https:\/\/segurofacilbrasil.com.br\/newsite\/porto-seguro\/","title":{"rendered":"PORTO SEGURO"},"content":{"rendered":"<h2 style=\"text-align: center;\"><a href=\"http:\/\/segurofacilbrasil.com.br\/newsite\/wp-content\/uploads\/2016\/07\/porto-seguro.png\"><img decoding=\"async\" class=\"alignnone size-full wp-image-10053\" src=\"http:\/\/segurofacilbrasil.com.br\/newsite\/wp-content\/uploads\/2016\/07\/porto-seguro.png\" alt=\"porto seguro\" width=\"196\" height=\"257\" \/><\/a><\/h2>\n<h2>HIST\u00d3RICO<\/h2>\n<p style=\"text-align: justify;\">A Porto Seguro teve origem com a funda\u00e7\u00e3o da Porto Seguro Cia. de Seguros Gerais em 1945. Na \u00e9poca de sua constitui\u00e7\u00e3o, operava em seguros e resseguros de ramos elementares. Em 1972, Abrah\u00e3o Garfinkel, ex-diretor do grupo Boa Vista de Seguros, adquiriu o controle da empresa, que naquela \u00e9poca ocupava a 44\u00aa posi\u00e7\u00e3o no ranking do mercado. A Porto Seguro iniciou suas atividades com 50 funcion\u00e1rios e, hoje, emprega diretamente 13 mil funcion\u00e1rios, al\u00e9m de 12 mil prestadores, por meio de suas 23 empresas. Possui 135 sucursais e escrit\u00f3rios regionais para atender mais de 24 mil Corretores de Seguros e mais de 6 milh\u00f5es de clientes em todo o pa\u00eds, tendo tamb\u00e9m o controle de uma seguradora com o mesmo nome no Uruguai. A sede da Porto Seguro est\u00e1 localizada em Campos El\u00edsios, na regi\u00e3o central da cidade de S\u00e3o Paulo. A Porto Seguro atua em todos os ramos de Seguros, Patrimoniais e de Pessoas, que s\u00e3o complementados por outros neg\u00f3cios sin\u00e9rgicos com a atividade principal: Autom\u00f3vel, Sa\u00fade Empresarial, Patrimonial, Vida e Transportes, Previd\u00eancia, Cons\u00f3rcio de Im\u00f3veis e Autom\u00f3veis, Administra\u00e7\u00e3o de Investimentos, Financiamento, Capitaliza\u00e7\u00e3o e Cart\u00e3o de Cr\u00e9dito, Prote\u00e7\u00e3o e Monitoramento, Servi\u00e7os a Condom\u00ednios e Resid\u00eancias e Telecomunica\u00e7\u00f5es.<\/p>\n<p style=\"text-align: justify;\"><div class=\"fusion-fullwidth fullwidth-box fusion-builder-row-1 hundred-percent-fullwidth non-hundred-percent-height-scrolling\" style=\"background-color: rgba(255,255,255,0);background-position: center center;background-repeat: no-repeat;padding-top:0px;padding-right:0px;padding-bottom:0px;padding-left:0px;margin-bottom: 0px;margin-top: 0px;border-width: 0px 0px 0px 0px;border-color:#eae9e9;border-style:solid;\" ><div class=\"fusion-builder-row fusion-row\"><div class=\"fusion-layout-column fusion_builder_column fusion-builder-column-0 fusion_builder_column_1_1 1_1 fusion-one-full fusion-column-first fusion-column-last fusion-column-no-min-height\" style=\"margin-top:0px;margin-bottom:0px;\"><div class=\"fusion-column-wrapper fusion-flex-column-wrapper-legacy\" style=\"background-position:left top;background-repeat:no-repeat;-webkit-background-size:cover;-moz-background-size:cover;-o-background-size:cover;background-size:cover;padding: 0px 0px 0px 0px;\"><div class=\"fusion-aligncenter\"><a class=\"fusion-button button-flat fusion-button-default-size button-darkgreen button-1 fusion-button-default-span fusion-button-default-type\" target=\"_self\" href=\"https:\/\/segurofacilbrasil.com.br\/newsite\/cotacao-de-seguro-para-carro\/\"><span class=\"fusion-button-text\">Solicite a cota\u00e7\u00e3o de Seguro para seu carro<\/span><\/a><\/div>\n<h2 style=\"text-align: justify;\"><\/h2>\n<h2 style=\"text-align: justify;\">EMPRESAS DO GRUPO PORTO SEGURO<\/h2>\n<h3 style=\"text-align: justify;\">Porto Seguro Companhia de Seguros Gerais<\/h3>\n<p style=\"text-align: justify;\">Principal empresa do grupo, fundada em 1945. Atua com carteiras de seguros de auto, patrimoniais, fian\u00e7a locat\u00edcia e transportes.<\/p>\n<h3 style=\"text-align: justify;\">Porto Seguro Vida e Previd\u00eancia S\/A<\/h3>\n<p style=\"text-align: justify;\">Fundada em 1986, atua exclusivamente nos ramos de seguros de vida e previd\u00eancia privada.<\/p>\n<h3 style=\"text-align: justify;\">Porto Seguro Sa\u00fade S\/A<\/h3>\n<p style=\"text-align: justify;\">Atua no segmento de sa\u00fade h\u00e1 mais de 10 anos, com seguros de sa\u00fade empresarial coletivo.<\/p>\n<h3 style=\"text-align: justify;\">Porto Seguro Seguros del Uruguay S\/A<\/h3>\n<p style=\"text-align: justify;\">Fundada em 1995, \u00e9 a segunda maior seguradora do Uruguai no ramo de autom\u00f3veis. Opera com diversas carteiras.<\/p>\n<h3 style=\"text-align: justify;\">Azul Seguros<\/h3>\n<p style=\"text-align: justify;\">Ap\u00f3s aquisi\u00e7\u00e3o da empresa Axa Seguros, faz parte da Porto Seguro desde 2004 com o nome Azul Seguros. Opera nos ramos de seguros de autom\u00f3vel.<\/p>\n<h3 style=\"text-align: justify;\">Ita\u00fa Seguros de Auto e Resid\u00eancia S.A<\/h3>\n<p style=\"text-align: justify;\">Faz parte da Porto Seguro desde 2009, ap\u00f3s associa\u00e7\u00e3o com o Ita\u00fa Unibanco. Opera nos ramos de autom\u00f3vel e resid\u00eancia em todo o Pa\u00eds.<\/p>\n<h3 style=\"text-align: justify;\">Porto Seguro Servi\u00e7os de Sa\u00fade S.A. (Portomed)<\/h3>\n<p style=\"text-align: justify;\">Fundada em 20 de janeiro de 2010, tem como principal atividade operar planos privados de assist\u00eancia \u00e0 sa\u00fade para pessoas jur\u00eddicas.<\/p>\n<h3 style=\"text-align: justify;\">Porto Seguro Servi\u00e7os Odontol\u00f3gicos S.A. (Porto Odonto)<\/h3>\n<p style=\"text-align: justify;\">Fundada em 27 de junho de 2011, tem como principal atividade operar planos privados de assist\u00eancia odontol\u00f3gica para pessoas jur\u00eddicas.<\/p>\n<p style=\"text-align: justify;\"><div class=\"fusion-aligncenter\"><a class=\"fusion-button button-flat fusion-button-default-size button-darkgreen button-2 fusion-button-default-span fusion-button-default-type\" target=\"_self\" href=\"https:\/\/segurofacilbrasil.com.br\/newsite\/cotacao-de-seguro-para-carro\/\"><span class=\"fusion-button-text\">Solicite a cota\u00e7\u00e3o de Seguro para seu carro<\/span><\/a><\/div>\n<h2 style=\"text-align: justify;\">OUTROS SEGMENTOS<\/h2>\n<h3 style=\"text-align: justify;\">Portoseg S\/A<\/h3>\n<p style=\"text-align: justify;\">Fundada em 2002, atua no segmento de cr\u00e9dito consignado, capital de giro, financiamento e refinanciamento de ve\u00edculos, investimento e emiss\u00e3o de cart\u00e3o de cr\u00e9dito.<\/p>\n<h3 style=\"text-align: justify;\">Porto Seguro Administradora de Cons\u00f3rcios Ltda.<\/h3>\n<p style=\"text-align: justify;\">Com uma experi\u00eancia de mais de 25 anos no mercado, atua nos segmentos de cons\u00f3rcio de autom\u00f3veis, im\u00f3veis e equipamentos profissionais.<\/p>\n<h3 style=\"text-align: justify;\">Porto Seguro Prote\u00e7\u00e3o e Monitoramento Ltda.<\/h3>\n<p style=\"text-align: justify;\">Fundada em 1998, atua no setor de monitoramento 24 horas de im\u00f3veis, transportes monitorados e rastreador de ve\u00edculos.<\/p>\n<h3 style=\"text-align: justify;\">Crediporto Promotora de Servi\u00e7os Ltda.<\/h3>\n<p style=\"text-align: justify;\">Fundada em 2007, atua com a distribui\u00e7\u00e3o de produtos da empresa Portoseg.<\/p>\n<h3 style=\"text-align: justify;\">Porto Seguro Servi\u00e7os M\u00e9dicos Ltda.<\/h3>\n<p style=\"text-align: justify;\">Fundada em 1996, atua na presta\u00e7\u00e3o de servi\u00e7os de sa\u00fade em regime ambulatorial e na elabora\u00e7\u00e3o e implementa\u00e7\u00e3o de programas de controles m\u00e9dicos e de sa\u00fade ocupacional.<\/p>\n<h3 style=\"text-align: justify;\">Porto Seguro Atendimento S\/A<\/h3>\n<p style=\"text-align: justify;\">Fundada em 2009, atua na presta\u00e7\u00e3o de servi\u00e7os de telemarketing ativo e receptivo, telesservi\u00e7os, central de atendimento (call center) e servi\u00e7os de atendimento geral.<\/p>\n<h3 style=\"text-align: justify;\">Porto Seguro Conecta<\/h3>\n<p style=\"text-align: justify;\">Criada em 2010, atua na presta\u00e7\u00e3o de servi\u00e7os de telecomunica\u00e7\u00f5es.<\/p>\n<h3 style=\"text-align: justify;\">Porto Seguro Capitaliza\u00e7\u00e3o S\/A<\/h3>\n<p style=\"text-align: justify;\">Fundada em 13\/07\/2012, tem como principal atividade operar com t\u00edtulos de capitaliza\u00e7\u00e3o.<\/p>\n<h3 style=\"text-align: justify;\">Porto Seguro Renova<\/h3>\n<p style=\"text-align: justify;\">Tem como principal atividade o com\u00e9rcio e a distribui\u00e7\u00e3o de pe\u00e7as automotivas novas e usadas.<\/p>\n<h3 style=\"text-align: justify;\">Bioqualynet \/ Bioqualynet Sul<\/h3>\n<p style=\"text-align: justify;\">Tem por atividade a presta\u00e7\u00e3o de servi\u00e7os de consultoria e assessoria em sa\u00fade ocupacional, seguran\u00e7a do trabalho, higiene e sa\u00fade ocupacional, ergonomia, fonoaudiologia, fisioterapia e servi\u00e7os de sa\u00fade em regime ambulatorial.<\/p>\n<h3 style=\"text-align: justify;\">Porto Seguro Faz<\/h3>\n<p style=\"text-align: justify;\">Atua na venda de servi\u00e7os para a casa, o carro e conveni\u00eancia seja para segurados ou n\u00e3o segurados. S\u00e3o servi\u00e7os que v\u00e3o desde instala\u00e7\u00f5es e reparos el\u00e9tricos, hidr\u00e1ulicos at\u00e9 limpeza de tecidos e higieniza\u00e7\u00e3o de ve\u00edculos a seco.<\/p>\n<h3 style=\"text-align: justify;\">Porto Seguro Investimentos<\/h3>\n<p style=\"text-align: justify;\">Atua na administra\u00e7\u00e3o e na gest\u00e3o de carteira de t\u00edtulos e valores mobili\u00e1rios, fundos de investimento, bem como outros recursos de terceiros.<\/p>\n<h3 style=\"text-align: justify;\">Porto Seguro Uruguai<\/h3>\n<p style=\"text-align: justify;\">Tem como objetivo atuar na presta\u00e7\u00e3o de servi\u00e7os relacionados, complementares ou correlatos \u00e0 atividade de seguros no Uruguai.<\/p>\n<p style=\"text-align: justify;\">A <span style=\"color: #008000;\"><strong>Seguro F\u00e1cil Brasil<\/strong><\/span> , localizada na cidade de Campinas, conta com profissionais com mais de 20 anos de experi\u00eancia no setor de Seguros. Trabalhamos com a Porto Seguro pois \u00e9 considerada refer\u00eancia dentre as Seguradoras no mercado Brasileiro.<\/p>\n<p style=\"text-align: justify;\">A cota\u00e7\u00e3o de seguro pode ser realizada com toda comodidade atrav\u00e9s de nosso sistema de cota\u00e7\u00e3o de seguro online.<\/p>\n<p style=\"text-align: justify;\">Acesse a p\u00e1gina <a href=\"http:\/\/www.segurofacilbrasil.com.br\">www.segurofacilbrasil.com.br <\/a>, ou ligue: 0300 772 1234 \/ (19) 3790-1414 ou visite nossas instala\u00e7\u00f5es na R. Am\u00e9rico de Moura, 512 \u2013 CEP 13076-628 \u2013 cidade de Campinas \/SP.<\/p>\n<p style=\"text-align: justify;\"><div class=\"fusion-aligncenter\"><a class=\"fusion-button button-flat fusion-button-default-size button-darkgreen button-3 fusion-button-default-span fusion-button-default-type\" target=\"_self\" href=\"https:\/\/segurofacilbrasil.com.br\/newsite\/cotacao-de-seguro-para-carro\/\"><span class=\"fusion-button-text\">Solicite a cota\u00e7\u00e3o de Seguro para seu carro<\/span><\/a><\/div>\n<div class=\"fusion-clearfix\"><\/div><\/div><\/div><\/div><style type=\"text\/css\">.fusion-fullwidth.fusion-builder-row-1 { overflow:visible; }<\/style><\/div><\/p>\n","protected":false},"excerpt":{"rendered":"<p>HIST\u00d3RICO A Porto Seguro teve origem com a funda\u00e7\u00e3o da Porto Seguro Cia. de Seguros Gerais em 1945. Na \u00e9poca de sua constitui\u00e7\u00e3o, operava em seguros e resseguros de ramos elementares. Em 1972, Abrah\u00e3o Garfinkel, ex-diretor do grupo Boa Vista de Seguros, adquiriu o controle da empresa, que naquela \u00e9poca ocupava a 44\u00aa posi\u00e7\u00e3o no [&hellip;]<\/p>\n","protected":false},"author":2,"featured_media":10050,"parent":0,"menu_order":0,"comment_status":"closed","ping_status":"closed","template":"","meta":{"_exactmetrics_skip_tracking":false,"_exactmetrics_sitenote_active":false,"_exactmetrics_sitenote_note":"","_exactmetrics_sitenote_category":0,"_joinchat":[],"footnotes":""},"class_list":["post-9835","page","type-page","status-publish","has-post-thumbnail","hentry"],"yoast_head":"<!-- This site is optimized with the Yoast SEO plugin v23.2 - https:\/\/yoast.com\/wordpress\/plugins\/seo\/ -->\n<title>PORTO SEGURO - Seguro de carros - Seguro F\u00e1cil Brasil<\/title>\n<meta name=\"description\" content=\"Porto Seguro; Azul Seguros; Seguro de carro; Seguro F\u00e1cil Brasil; Cota\u00e7\u00e3o Seguro online; Seguro barato; Seguro de auto; Seguro de carro; ita\u00fa seguros\" \/>\n<meta name=\"robots\" content=\"index, follow, max-snippet:-1, max-image-preview:large, max-video-preview:-1\" \/>\n<link rel=\"canonical\" href=\"https:\/\/segurofacilbrasil.com.br\/newsite\/porto-seguro\/\" \/>\n<meta property=\"og:locale\" content=\"pt_BR\" \/>\n<meta property=\"og:type\" content=\"article\" \/>\n<meta property=\"og:title\" content=\"PORTO SEGURO - Seguro de carros - Seguro F\u00e1cil Brasil\" \/>\n<meta property=\"og:description\" content=\"Porto Seguro; Azul Seguros; Seguro de carro; Seguro F\u00e1cil Brasil; Cota\u00e7\u00e3o Seguro online; Seguro barato; Seguro de auto; Seguro de carro; ita\u00fa seguros\" \/>\n<meta property=\"og:url\" content=\"https:\/\/segurofacilbrasil.com.br\/newsite\/porto-seguro\/\" \/>\n<meta property=\"og:site_name\" content=\"Seguro de carros - Seguro F\u00e1cil Brasil\" \/>\n<meta property=\"article:modified_time\" content=\"2020-07-09T20:46:38+00:00\" \/>\n<meta property=\"og:image\" content=\"https:\/\/segurofacilbrasil.com.br\/newsite\/wp-content\/uploads\/2016\/07\/porto-seguro-3.png\" \/>\n\t<meta property=\"og:image:width\" content=\"196\" \/>\n\t<meta property=\"og:image:height\" content=\"257\" \/>\n\t<meta property=\"og:image:type\" content=\"image\/png\" \/>\n<meta name=\"twitter:label1\" content=\"Est. tempo de leitura\" \/>\n\t<meta name=\"twitter:data1\" content=\"6 minutos\" \/>\n<script type=\"application\/ld+json\" class=\"yoast-schema-graph\">{\"@context\":\"https:\/\/schema.org\",\"@graph\":[{\"@type\":\"WebPage\",\"@id\":\"https:\/\/segurofacilbrasil.com.br\/newsite\/porto-seguro\/\",\"url\":\"https:\/\/segurofacilbrasil.com.br\/newsite\/porto-seguro\/\",\"name\":\"PORTO SEGURO - Seguro de carros - Seguro F\u00e1cil Brasil\",\"isPartOf\":{\"@id\":\"https:\/\/segurofacilbrasil.com.br\/newsite\/#website\"},\"primaryImageOfPage\":{\"@id\":\"https:\/\/segurofacilbrasil.com.br\/newsite\/porto-seguro\/#primaryimage\"},\"image\":{\"@id\":\"https:\/\/segurofacilbrasil.com.br\/newsite\/porto-seguro\/#primaryimage\"},\"thumbnailUrl\":\"https:\/\/segurofacilbrasil.com.br\/newsite\/wp-content\/uploads\/2016\/07\/porto-seguro-3.png\",\"datePublished\":\"2016-07-22T20:56:20+00:00\",\"dateModified\":\"2020-07-09T20:46:38+00:00\",\"description\":\"Porto Seguro; Azul Seguros; Seguro de carro; Seguro F\u00e1cil Brasil; Cota\u00e7\u00e3o Seguro online; Seguro barato; Seguro de auto; Seguro de carro; ita\u00fa seguros\",\"breadcrumb\":{\"@id\":\"https:\/\/segurofacilbrasil.com.br\/newsite\/porto-seguro\/#breadcrumb\"},\"inLanguage\":\"pt-BR\",\"potentialAction\":[{\"@type\":\"ReadAction\",\"target\":[\"https:\/\/segurofacilbrasil.com.br\/newsite\/porto-seguro\/\"]}]},{\"@type\":\"ImageObject\",\"inLanguage\":\"pt-BR\",\"@id\":\"https:\/\/segurofacilbrasil.com.br\/newsite\/porto-seguro\/#primaryimage\",\"url\":\"https:\/\/segurofacilbrasil.com.br\/newsite\/wp-content\/uploads\/2016\/07\/porto-seguro-3.png\",\"contentUrl\":\"https:\/\/segurofacilbrasil.com.br\/newsite\/wp-content\/uploads\/2016\/07\/porto-seguro-3.png\",\"width\":196,\"height\":257},{\"@type\":\"BreadcrumbList\",\"@id\":\"https:\/\/segurofacilbrasil.com.br\/newsite\/porto-seguro\/#breadcrumb\",\"itemListElement\":[{\"@type\":\"ListItem\",\"position\":1,\"name\":\"In\u00edcio\",\"item\":\"https:\/\/segurofacilbrasil.com.br\/newsite\/\"},{\"@type\":\"ListItem\",\"position\":2,\"name\":\"PORTO SEGURO\"}]},{\"@type\":\"WebSite\",\"@id\":\"https:\/\/segurofacilbrasil.com.br\/newsite\/#website\",\"url\":\"https:\/\/segurofacilbrasil.com.br\/newsite\/\",\"name\":\"Seguro de carros - Seguro F\u00e1cil Brasil\",\"description\":\"Aqui \u00e9 assim! Seguro!\",\"potentialAction\":[{\"@type\":\"SearchAction\",\"target\":{\"@type\":\"EntryPoint\",\"urlTemplate\":\"https:\/\/segurofacilbrasil.com.br\/newsite\/?s={search_term_string}\"},\"query-input\":\"required name=search_term_string\"}],\"inLanguage\":\"pt-BR\"}]}<\/script>\n<!-- \/ Yoast SEO plugin. -->","yoast_head_json":{"title":"PORTO SEGURO - Seguro de carros - Seguro F\u00e1cil Brasil","description":"Porto Seguro; Azul Seguros; Seguro de carro; Seguro F\u00e1cil Brasil; Cota\u00e7\u00e3o Seguro online; Seguro barato; Seguro de auto; Seguro de carro; ita\u00fa seguros","robots":{"index":"index","follow":"follow","max-snippet":"max-snippet:-1","max-image-preview":"max-image-preview:large","max-video-preview":"max-video-preview:-1"},"canonical":"https:\/\/segurofacilbrasil.com.br\/newsite\/porto-seguro\/","og_locale":"pt_BR","og_type":"article","og_title":"PORTO SEGURO - Seguro de carros - Seguro F\u00e1cil Brasil","og_description":"Porto Seguro; Azul Seguros; Seguro de carro; Seguro F\u00e1cil Brasil; Cota\u00e7\u00e3o Seguro online; Seguro barato; Seguro de auto; Seguro de carro; ita\u00fa seguros","og_url":"https:\/\/segurofacilbrasil.com.br\/newsite\/porto-seguro\/","og_site_name":"Seguro de carros - Seguro F\u00e1cil Brasil","article_modified_time":"2020-07-09T20:46:38+00:00","og_image":[{"width":196,"height":257,"url":"https:\/\/segurofacilbrasil.com.br\/newsite\/wp-content\/uploads\/2016\/07\/porto-seguro-3.png","type":"image\/png"}],"twitter_misc":{"Est. tempo de leitura":"6 minutos"},"schema":{"@context":"https:\/\/schema.org","@graph":[{"@type":"WebPage","@id":"https:\/\/segurofacilbrasil.com.br\/newsite\/porto-seguro\/","url":"https:\/\/segurofacilbrasil.com.br\/newsite\/porto-seguro\/","name":"PORTO SEGURO - Seguro de carros - Seguro F\u00e1cil Brasil","isPartOf":{"@id":"https:\/\/segurofacilbrasil.com.br\/newsite\/#website"},"primaryImageOfPage":{"@id":"https:\/\/segurofacilbrasil.com.br\/newsite\/porto-seguro\/#primaryimage"},"image":{"@id":"https:\/\/segurofacilbrasil.com.br\/newsite\/porto-seguro\/#primaryimage"},"thumbnailUrl":"https:\/\/segurofacilbrasil.com.br\/newsite\/wp-content\/uploads\/2016\/07\/porto-seguro-3.png","datePublished":"2016-07-22T20:56:20+00:00","dateModified":"2020-07-09T20:46:38+00:00","description":"Porto Seguro; Azul Seguros; Seguro de carro; Seguro F\u00e1cil Brasil; Cota\u00e7\u00e3o Seguro online; Seguro barato; Seguro de auto; Seguro de carro; ita\u00fa seguros","breadcrumb":{"@id":"https:\/\/segurofacilbrasil.com.br\/newsite\/porto-seguro\/#breadcrumb"},"inLanguage":"pt-BR","potentialAction":[{"@type":"ReadAction","target":["https:\/\/segurofacilbrasil.com.br\/newsite\/porto-seguro\/"]}]},{"@type":"ImageObject","inLanguage":"pt-BR","@id":"https:\/\/segurofacilbrasil.com.br\/newsite\/porto-seguro\/#primaryimage","url":"https:\/\/segurofacilbrasil.com.br\/newsite\/wp-content\/uploads\/2016\/07\/porto-seguro-3.png","contentUrl":"https:\/\/segurofacilbrasil.com.br\/newsite\/wp-content\/uploads\/2016\/07\/porto-seguro-3.png","width":196,"height":257},{"@type":"BreadcrumbList","@id":"https:\/\/segurofacilbrasil.com.br\/newsite\/porto-seguro\/#breadcrumb","itemListElement":[{"@type":"ListItem","position":1,"name":"In\u00edcio","item":"https:\/\/segurofacilbrasil.com.br\/newsite\/"},{"@type":"ListItem","position":2,"name":"PORTO SEGURO"}]},{"@type":"WebSite","@id":"https:\/\/segurofacilbrasil.com.br\/newsite\/#website","url":"https:\/\/segurofacilbrasil.com.br\/newsite\/","name":"Seguro de carros - Seguro F\u00e1cil Brasil","description":"Aqui \u00e9 assim! Seguro!","potentialAction":[{"@type":"SearchAction","target":{"@type":"EntryPoint","urlTemplate":"https:\/\/segurofacilbrasil.com.br\/newsite\/?s={search_term_string}"},"query-input":"required name=search_term_string"}],"inLanguage":"pt-BR"}]}},"_links":{"self":[{"href":"https:\/\/segurofacilbrasil.com.br\/newsite\/wp-json\/wp\/v2\/pages\/9835"}],"collection":[{"href":"https:\/\/segurofacilbrasil.com.br\/newsite\/wp-json\/wp\/v2\/pages"}],"about":[{"href":"https:\/\/segurofacilbrasil.com.br\/newsite\/wp-json\/wp\/v2\/types\/page"}],"author":[{"embeddable":true,"href":"https:\/\/segurofacilbrasil.com.br\/newsite\/wp-json\/wp\/v2\/users\/2"}],"replies":[{"embeddable":true,"href":"https:\/\/segurofacilbrasil.com.br\/newsite\/wp-json\/wp\/v2\/comments?post=9835"}],"version-history":[{"count":12,"href":"https:\/\/segurofacilbrasil.com.br\/newsite\/wp-json\/wp\/v2\/pages\/9835\/revisions"}],"predecessor-version":[{"id":17919,"href":"https:\/\/segurofacilbrasil.com.br\/newsite\/wp-json\/wp\/v2\/pages\/9835\/revisions\/17919"}],"wp:featuredmedia":[{"embeddable":true,"href":"https:\/\/segurofacilbrasil.com.br\/newsite\/wp-json\/wp\/v2\/media\/10050"}],"wp:attachment":[{"href":"https:\/\/segurofacilbrasil.com.br\/newsite\/wp-json\/wp\/v2\/media?parent=9835"}],"curies":[{"name":"wp","href":"https:\/\/api.w.org\/{rel}","templated":true}]}}