{"id":9860,"date":"2016-07-23T03:06:37","date_gmt":"2016-07-23T00:06:37","guid":{"rendered":"http:\/\/segurofacilbrasil.com.br\/newsite\/?page_id=9860"},"modified":"2020-07-22T23:25:51","modified_gmt":"2020-07-22T20:25:51","slug":"seguro-de-bike","status":"publish","type":"page","link":"https:\/\/segurofacilbrasil.com.br\/newsite\/seguro-de-bike\/","title":{"rendered":"SEGURO DE BIKE"},"content":{"rendered":"<h3><\/h3>\n<h3><a href=\"https:\/\/segurofacilbrasil.com.br\/newsite\/wp-content\/uploads\/2016\/07\/Seguro-de-Bike.png\"><img decoding=\"async\" class=\"size-medium wp-image-10030 alignleft\" src=\"https:\/\/segurofacilbrasil.com.br\/newsite\/wp-content\/uploads\/2016\/07\/Seguro-de-Bike-300x191.png\" alt=\"Seguro de Bike\" width=\"300\" height=\"191\" srcset=\"https:\/\/segurofacilbrasil.com.br\/newsite\/wp-content\/uploads\/2016\/07\/Seguro-de-Bike-200x127.png 200w, https:\/\/segurofacilbrasil.com.br\/newsite\/wp-content\/uploads\/2016\/07\/Seguro-de-Bike-300x191.png 300w, https:\/\/segurofacilbrasil.com.br\/newsite\/wp-content\/uploads\/2016\/07\/Seguro-de-Bike-400x254.png 400w, https:\/\/segurofacilbrasil.com.br\/newsite\/wp-content\/uploads\/2016\/07\/Seguro-de-Bike-460x295.png 460w, https:\/\/segurofacilbrasil.com.br\/newsite\/wp-content\/uploads\/2016\/07\/Seguro-de-Bike-600x382.png 600w, https:\/\/segurofacilbrasil.com.br\/newsite\/wp-content\/uploads\/2016\/07\/Seguro-de-Bike-768x488.png 768w, https:\/\/segurofacilbrasil.com.br\/newsite\/wp-content\/uploads\/2016\/07\/Seguro-de-Bike-800x509.png 800w, https:\/\/segurofacilbrasil.com.br\/newsite\/wp-content\/uploads\/2016\/07\/Seguro-de-Bike-1024x651.png 1024w, https:\/\/segurofacilbrasil.com.br\/newsite\/wp-content\/uploads\/2016\/07\/Seguro-de-Bike-1200x763.png 1200w, https:\/\/segurofacilbrasil.com.br\/newsite\/wp-content\/uploads\/2016\/07\/Seguro-de-Bike.png 1500w\" sizes=\"(max-width: 300px) 100vw, 300px\" \/><\/a><\/h3>\n<h3>O QUE \u00c9 \u00a0SEGURO DE BIKE?<\/h3>\n<p style=\"text-align: justify;\">O <strong>Seguro de Bike<\/strong> \u00e9 uma forma lhe proteger o capital investido em sua bike se ocorre alguma sinistralidade como roubo e furto enquanto voc\u00ea pedala, ou na resid\u00eancia em que voc\u00ea mora, ou enquanto voc\u00ea a transporta e tamb\u00e9m cobre danos desde que a bike esteja devidamente alocada em racks, Thule, desde que haja danos ao ve\u00edculo do transportador.<\/p>\n<h3>QUAL S\u00c3O AS SEGURADORAS QUE REALIZAM O SEGURO DE BIKE?<\/h3>\n<p style=\"text-align: justify;\">No Brasil h\u00e1 poucas Seguradoras de oferecem essa modalidade de Seguros. Normalmente o Seguro de Bike est\u00e1 relacionada a uma cobertura adicional oferecida no Seguro Residencial. A <strong><span style=\"color: #008000;\">Seguro F\u00e1cil Brasil Corretora de Seguros<\/span><\/strong> trabalha com a Seguradora Berkley International do Brasil. A Berkley \u00e9 uma das poucas seguradoras no Brasil que realizam seguros espec\u00edficos para Bikes que cumpram alguns requisitos quanto a valores e especifica\u00e7\u00f5es.<\/p>\n<p style=\"text-align: justify;\">O Grupo Berkley abriu sua seguradora no Brasil em 2006. A princ\u00edpio especializada em seguros de garantia, expandiu seu portif\u00f3lio e passou a focalizar os mercados de riscos financeiros, transportes e riscos em geral ao qual inclui o seguro para Bikes.<\/p>\n<h3 style=\"text-align: justify;\">QUAIS AS BIKES QUE SE PODEM CONTRATAR ESSE SEGURO?<\/h3>\n<p style=\"text-align: justify;\">Bikes nacionais ou importadas podem contratar o Seguro de Bike. Verificar aceita\u00e7\u00e3o de acordo com o valor da Bike.<\/p>\n<h3 style=\"text-align: justify;\">MINHA BIKE \u00c9 IMPORTADA. POSSO FAZER O SEGURO DELA?<\/h3>\n<p>Sim.<\/p>\n<h3>QUAIS AS COBERTURAS QUE TENHO AO CONTRATAR ESSE SEGURO?<\/h3>\n<ul>\n<li>Roubo e Furto qualificado enquanto pedala.<\/li>\n<li>Roubo e Furto qualificado dentro da resid\u00eancia.<\/li>\n<li>Roubo e Furto qualificado enquanto transporta.<\/li>\n<li>Danos no transporte desde que devidamente alocada em racks, Thule, etc, com vest\u00edgios de danos ao ve\u00edculo do transportador.<\/li>\n<li>Danos a bicicleta, decorrentes de acidentes enquanto pedala.<\/li>\n<\/ul>\n<h3>EXISTE FRANQUIA PARA O SEGURO DE BIKE?<\/h3>\n<p>A franquia \u00e9 o valor em dinheiro que o segurado dever\u00e1 contribuir quando ocorrer o sinistro da Bike.<\/p>\n<p>A franquia est\u00e1 relacionada ao valor da Bike e pode-se ver no link: https:\/\/bit.ly\/2NJaqU9<\/p>\n<h3>PRECISO APRESENTAR NOTA FISCAL DA MINHA BIKE PARA CONTRATAR ESSE SEGURO?<\/h3>\n<p>\u00c9 necess\u00e1rio apresentar a Nota Fiscal da Bike, ou recibo de compra e caso tenha sido adquirida fora do pa\u00eds o comprovante de compra v\u00e1lido (ex.: Invoice).<\/p>\n<h3>QUAL O PER\u00cdODO DE VIG\u00caNCIA DO SEGURO BIKE?<\/h3>\n<p>O Seguro de Bike tem vig\u00eancia de 1 ano.<\/p>\n<h3>ONDE \u00c9 V\u00c1LIDO O SEGURO DE BIKE?<\/h3>\n<p>O Seguro de Bike tem validade em todo o territ\u00f3rio Brasileiro.<\/p>\n<p><strong>N\u00e3o h\u00e1 cobertura fora do Brasil.<\/strong><\/p>\n<h3><b>QUAL O VALOR DO SEGURO BIKE?<\/b><\/h3>\n<p style=\"text-align: justify;\">O valor do Seguro da Bike est\u00e1 relacionado ao valor de sua Bike e pode-se ser verificado no link anexo:<\/p>\n<p><a href=\"https:\/\/bit.ly\/2NJaqU9\">https:\/\/bit.ly\/2NJaqU9<\/a><\/p>\n<p style=\"text-align: justify;\">Uma vez contratado o Seguro de sua Bike e confirmado pela da <strong><span style=\"color: #008000;\">Seguro F\u00e1cil Brasil <\/span><\/strong>Corretora de Seguros, voc\u00ea receber\u00e1 um boleto banc\u00e1rio diretamente da Berkey Seguradora para efetuar o pagamento. Voc\u00ea realiza o pagamento diretamente para a Seguradora Berkley, e uma vez efetivado a sua Bike estar\u00e1 segurada por 1 ano.<\/p>\n<h3>COMO SOLICITO A CONTRATA\u00c7\u00c3O DO SEGURO BIKE?<\/h3>\n<p style=\"text-align: justify;\">\u00c9 s\u00f3 preencher o formul\u00e1rio com os dados solicitados. Ser\u00e1 necess\u00e1rio tirar fotos de locais espec\u00edficos da Bike e descarregar na pr\u00f3pria p\u00e1gina da <strong><span style=\"color: #008000;\">Seguro F\u00e1cil Brasil<\/span><\/strong>.<\/p>\n<p style=\"text-align: justify;\">Fotos necess\u00e1rias de Bike:<\/p>\n<ul>\n<li style=\"text-align: justify;\">Bike inteira<\/li>\n<li style=\"text-align: justify;\">N\u00famero de S\u00e9rie<\/li>\n<li style=\"text-align: justify;\">C\u00e2mbio<\/li>\n<li style=\"text-align: justify;\">Pedivela<\/li>\n<li style=\"text-align: justify;\">Selim<\/li>\n<li style=\"text-align: justify;\">Acess\u00f3rios que sejam relevantes<\/li>\n<\/ul>\n<p style=\"text-align: justify;\">Uma vez que tudo esteja preenchido, a <strong><span style=\"color: #008000;\">Seguro F\u00e1cil Brasil<\/span><\/strong> entrar\u00e1 em contato com voc\u00ea para confirmar os dados e esclarecer qualquer d\u00favida que voc\u00ea tenha a respeito do Seguro de sua Bike. Voc\u00ea tamb\u00e9m poder\u00e1 entrar em contato diretamente conosco atrav\u00e9s dos fones: 0300 772 1234 \/ (19) 3790-1414 ou visitar nossas instala\u00e7\u00f5es localizada na R. Am\u00e9rico de Moura, 512 \u2013 CEP 13076-628 \u2013 cidade de Campinas \/SP. A <span style=\"color: #008000;\"><strong>Seguro F\u00e1cil Brasil<\/strong><\/span>, conta com profissionais com mais de 20 anos de experi\u00eancia no setor de Seguros e \u00e9 especialista em <strong>Seguro de Bikes<\/strong>.<\/p>\n<p style=\"text-align: justify;\"><div class=\"fusion-fullwidth fullwidth-box fusion-builder-row-1 hundred-percent-fullwidth non-hundred-percent-height-scrolling\" style=\"background-color: rgba(255,255,255,0);background-position: center center;background-repeat: no-repeat;padding-top:0px;padding-right:0px;padding-bottom:0px;padding-left:0px;margin-bottom: 0px;margin-top: 0px;border-width: 0px 0px 0px 0px;border-color:#eae9e9;border-style:solid;\" ><div class=\"fusion-builder-row fusion-row\"><div class=\"fusion-layout-column fusion_builder_column fusion-builder-column-0 fusion_builder_column_1_1 1_1 fusion-one-full fusion-column-first fusion-column-last fusion-column-no-min-height\" style=\"margin-top:0px;margin-bottom:0px;\"><div class=\"fusion-column-wrapper fusion-flex-column-wrapper-legacy\" style=\"background-position:left top;background-repeat:no-repeat;-webkit-background-size:cover;-moz-background-size:cover;-o-background-size:cover;background-size:cover;padding: 0px 0px 0px 0px;\"><div class=\"fusion-aligncenter\"><a class=\"fusion-button button-flat fusion-button-default-size button-darkgreen button-1 fusion-button-default-span fusion-button-default-type\" target=\"_self\" href=\" https:\/\/bit.ly\/2NJaqU9 \"><span class=\"fusion-button-text\">Solicite uma Cota\u00e7\u00e3o<\/span><\/a><\/div>\n<div class=\"fusion-clearfix\"><\/div><\/div><\/div><\/div><style type=\"text\/css\">.fusion-fullwidth.fusion-builder-row-1 { overflow:visible; }<\/style><\/div><\/p>\n","protected":false},"excerpt":{"rendered":"<p>O QUE \u00c9 \u00a0SEGURO DE BIKE? O Seguro de Bike \u00e9 uma forma lhe proteger o capital investido em sua bike se ocorre alguma sinistralidade como roubo e furto enquanto voc\u00ea pedala, ou na resid\u00eancia em que voc\u00ea mora, ou enquanto voc\u00ea a transporta e tamb\u00e9m cobre danos desde que a bike esteja devidamente alocada [&hellip;]<\/p>\n","protected":false},"author":2,"featured_media":0,"parent":0,"menu_order":0,"comment_status":"closed","ping_status":"closed","template":"","meta":{"_exactmetrics_skip_tracking":false,"_exactmetrics_sitenote_active":false,"_exactmetrics_sitenote_note":"","_exactmetrics_sitenote_category":0,"_joinchat":[],"footnotes":""},"class_list":["post-9860","page","type-page","status-publish","hentry"],"yoast_head":"<!-- This site is optimized with the Yoast SEO plugin v23.2 - https:\/\/yoast.com\/wordpress\/plugins\/seo\/ -->\n<title>SEGURO DE BIKE - Seguro de carros - Seguro F\u00e1cil Brasil<\/title>\n<meta name=\"description\" content=\"Seguro de Bike; Seguro de Bicicletas; Seguro F\u00e1cil Brasil; Seguro barato; prote\u00e7\u00e3o para bike; roubo de bike; roubo de bicicleta; seguro online; montain bike\" \/>\n<meta name=\"robots\" content=\"index, follow, max-snippet:-1, max-image-preview:large, max-video-preview:-1\" \/>\n<link rel=\"canonical\" href=\"https:\/\/segurofacilbrasil.com.br\/newsite\/seguro-de-bike\/\" \/>\n<meta property=\"og:locale\" content=\"pt_BR\" \/>\n<meta property=\"og:type\" content=\"article\" \/>\n<meta property=\"og:title\" content=\"SEGURO DE BIKE - Seguro de carros - Seguro F\u00e1cil Brasil\" \/>\n<meta property=\"og:description\" content=\"Seguro de Bike; Seguro de Bicicletas; Seguro F\u00e1cil Brasil; Seguro barato; prote\u00e7\u00e3o para bike; roubo de bike; roubo de bicicleta; seguro online; montain bike\" \/>\n<meta property=\"og:url\" content=\"https:\/\/segurofacilbrasil.com.br\/newsite\/seguro-de-bike\/\" \/>\n<meta property=\"og:site_name\" content=\"Seguro de carros - Seguro F\u00e1cil Brasil\" \/>\n<meta property=\"article:modified_time\" content=\"2020-07-22T20:25:51+00:00\" \/>\n<meta property=\"og:image\" content=\"https:\/\/segurofacilbrasil.com.br\/newsite\/wp-content\/uploads\/2016\/07\/Seguro-de-Bike-300x191.png\" \/>\n<meta name=\"twitter:label1\" content=\"Est. tempo de leitura\" \/>\n\t<meta name=\"twitter:data1\" content=\"4 minutos\" \/>\n<script type=\"application\/ld+json\" class=\"yoast-schema-graph\">{\"@context\":\"https:\/\/schema.org\",\"@graph\":[{\"@type\":\"WebPage\",\"@id\":\"https:\/\/segurofacilbrasil.com.br\/newsite\/seguro-de-bike\/\",\"url\":\"https:\/\/segurofacilbrasil.com.br\/newsite\/seguro-de-bike\/\",\"name\":\"SEGURO DE BIKE - Seguro de carros - Seguro F\u00e1cil Brasil\",\"isPartOf\":{\"@id\":\"https:\/\/segurofacilbrasil.com.br\/newsite\/#website\"},\"primaryImageOfPage\":{\"@id\":\"https:\/\/segurofacilbrasil.com.br\/newsite\/seguro-de-bike\/#primaryimage\"},\"image\":{\"@id\":\"https:\/\/segurofacilbrasil.com.br\/newsite\/seguro-de-bike\/#primaryimage\"},\"thumbnailUrl\":\"https:\/\/segurofacilbrasil.com.br\/newsite\/wp-content\/uploads\/2016\/07\/Seguro-de-Bike-300x191.png\",\"datePublished\":\"2016-07-23T00:06:37+00:00\",\"dateModified\":\"2020-07-22T20:25:51+00:00\",\"description\":\"Seguro de Bike; Seguro de Bicicletas; Seguro F\u00e1cil Brasil; Seguro barato; prote\u00e7\u00e3o para bike; roubo de bike; roubo de bicicleta; seguro online; montain bike\",\"breadcrumb\":{\"@id\":\"https:\/\/segurofacilbrasil.com.br\/newsite\/seguro-de-bike\/#breadcrumb\"},\"inLanguage\":\"pt-BR\",\"potentialAction\":[{\"@type\":\"ReadAction\",\"target\":[\"https:\/\/segurofacilbrasil.com.br\/newsite\/seguro-de-bike\/\"]}]},{\"@type\":\"ImageObject\",\"inLanguage\":\"pt-BR\",\"@id\":\"https:\/\/segurofacilbrasil.com.br\/newsite\/seguro-de-bike\/#primaryimage\",\"url\":\"https:\/\/segurofacilbrasil.com.br\/newsite\/wp-content\/uploads\/2016\/07\/Seguro-de-Bike.png\",\"contentUrl\":\"https:\/\/segurofacilbrasil.com.br\/newsite\/wp-content\/uploads\/2016\/07\/Seguro-de-Bike.png\",\"width\":1500,\"height\":954},{\"@type\":\"BreadcrumbList\",\"@id\":\"https:\/\/segurofacilbrasil.com.br\/newsite\/seguro-de-bike\/#breadcrumb\",\"itemListElement\":[{\"@type\":\"ListItem\",\"position\":1,\"name\":\"In\u00edcio\",\"item\":\"https:\/\/segurofacilbrasil.com.br\/newsite\/\"},{\"@type\":\"ListItem\",\"position\":2,\"name\":\"SEGURO DE BIKE\"}]},{\"@type\":\"WebSite\",\"@id\":\"https:\/\/segurofacilbrasil.com.br\/newsite\/#website\",\"url\":\"https:\/\/segurofacilbrasil.com.br\/newsite\/\",\"name\":\"Seguro de carros - Seguro F\u00e1cil Brasil\",\"description\":\"Aqui \u00e9 assim! Seguro!\",\"potentialAction\":[{\"@type\":\"SearchAction\",\"target\":{\"@type\":\"EntryPoint\",\"urlTemplate\":\"https:\/\/segurofacilbrasil.com.br\/newsite\/?s={search_term_string}\"},\"query-input\":\"required name=search_term_string\"}],\"inLanguage\":\"pt-BR\"}]}<\/script>\n<!-- \/ Yoast SEO plugin. -->","yoast_head_json":{"title":"SEGURO DE BIKE - Seguro de carros - Seguro F\u00e1cil Brasil","description":"Seguro de Bike; Seguro de Bicicletas; Seguro F\u00e1cil Brasil; Seguro barato; prote\u00e7\u00e3o para bike; roubo de bike; roubo de bicicleta; seguro online; montain bike","robots":{"index":"index","follow":"follow","max-snippet":"max-snippet:-1","max-image-preview":"max-image-preview:large","max-video-preview":"max-video-preview:-1"},"canonical":"https:\/\/segurofacilbrasil.com.br\/newsite\/seguro-de-bike\/","og_locale":"pt_BR","og_type":"article","og_title":"SEGURO DE BIKE - Seguro de carros - Seguro F\u00e1cil Brasil","og_description":"Seguro de Bike; Seguro de Bicicletas; Seguro F\u00e1cil Brasil; Seguro barato; prote\u00e7\u00e3o para bike; roubo de bike; roubo de bicicleta; seguro online; montain bike","og_url":"https:\/\/segurofacilbrasil.com.br\/newsite\/seguro-de-bike\/","og_site_name":"Seguro de carros - Seguro F\u00e1cil Brasil","article_modified_time":"2020-07-22T20:25:51+00:00","og_image":[{"url":"https:\/\/segurofacilbrasil.com.br\/newsite\/wp-content\/uploads\/2016\/07\/Seguro-de-Bike-300x191.png"}],"twitter_misc":{"Est. tempo de leitura":"4 minutos"},"schema":{"@context":"https:\/\/schema.org","@graph":[{"@type":"WebPage","@id":"https:\/\/segurofacilbrasil.com.br\/newsite\/seguro-de-bike\/","url":"https:\/\/segurofacilbrasil.com.br\/newsite\/seguro-de-bike\/","name":"SEGURO DE BIKE - Seguro de carros - Seguro F\u00e1cil Brasil","isPartOf":{"@id":"https:\/\/segurofacilbrasil.com.br\/newsite\/#website"},"primaryImageOfPage":{"@id":"https:\/\/segurofacilbrasil.com.br\/newsite\/seguro-de-bike\/#primaryimage"},"image":{"@id":"https:\/\/segurofacilbrasil.com.br\/newsite\/seguro-de-bike\/#primaryimage"},"thumbnailUrl":"https:\/\/segurofacilbrasil.com.br\/newsite\/wp-content\/uploads\/2016\/07\/Seguro-de-Bike-300x191.png","datePublished":"2016-07-23T00:06:37+00:00","dateModified":"2020-07-22T20:25:51+00:00","description":"Seguro de Bike; Seguro de Bicicletas; Seguro F\u00e1cil Brasil; Seguro barato; prote\u00e7\u00e3o para bike; roubo de bike; roubo de bicicleta; seguro online; montain bike","breadcrumb":{"@id":"https:\/\/segurofacilbrasil.com.br\/newsite\/seguro-de-bike\/#breadcrumb"},"inLanguage":"pt-BR","potentialAction":[{"@type":"ReadAction","target":["https:\/\/segurofacilbrasil.com.br\/newsite\/seguro-de-bike\/"]}]},{"@type":"ImageObject","inLanguage":"pt-BR","@id":"https:\/\/segurofacilbrasil.com.br\/newsite\/seguro-de-bike\/#primaryimage","url":"https:\/\/segurofacilbrasil.com.br\/newsite\/wp-content\/uploads\/2016\/07\/Seguro-de-Bike.png","contentUrl":"https:\/\/segurofacilbrasil.com.br\/newsite\/wp-content\/uploads\/2016\/07\/Seguro-de-Bike.png","width":1500,"height":954},{"@type":"BreadcrumbList","@id":"https:\/\/segurofacilbrasil.com.br\/newsite\/seguro-de-bike\/#breadcrumb","itemListElement":[{"@type":"ListItem","position":1,"name":"In\u00edcio","item":"https:\/\/segurofacilbrasil.com.br\/newsite\/"},{"@type":"ListItem","position":2,"name":"SEGURO DE BIKE"}]},{"@type":"WebSite","@id":"https:\/\/segurofacilbrasil.com.br\/newsite\/#website","url":"https:\/\/segurofacilbrasil.com.br\/newsite\/","name":"Seguro de carros - Seguro F\u00e1cil Brasil","description":"Aqui \u00e9 assim! Seguro!","potentialAction":[{"@type":"SearchAction","target":{"@type":"EntryPoint","urlTemplate":"https:\/\/segurofacilbrasil.com.br\/newsite\/?s={search_term_string}"},"query-input":"required name=search_term_string"}],"inLanguage":"pt-BR"}]}},"_links":{"self":[{"href":"https:\/\/segurofacilbrasil.com.br\/newsite\/wp-json\/wp\/v2\/pages\/9860"}],"collection":[{"href":"https:\/\/segurofacilbrasil.com.br\/newsite\/wp-json\/wp\/v2\/pages"}],"about":[{"href":"https:\/\/segurofacilbrasil.com.br\/newsite\/wp-json\/wp\/v2\/types\/page"}],"author":[{"embeddable":true,"href":"https:\/\/segurofacilbrasil.com.br\/newsite\/wp-json\/wp\/v2\/users\/2"}],"replies":[{"embeddable":true,"href":"https:\/\/segurofacilbrasil.com.br\/newsite\/wp-json\/wp\/v2\/comments?post=9860"}],"version-history":[{"count":47,"href":"https:\/\/segurofacilbrasil.com.br\/newsite\/wp-json\/wp\/v2\/pages\/9860\/revisions"}],"predecessor-version":[{"id":18008,"href":"https:\/\/segurofacilbrasil.com.br\/newsite\/wp-json\/wp\/v2\/pages\/9860\/revisions\/18008"}],"wp:attachment":[{"href":"https:\/\/segurofacilbrasil.com.br\/newsite\/wp-json\/wp\/v2\/media?parent=9860"}],"curies":[{"name":"wp","href":"https:\/\/api.w.org\/{rel}","templated":true}]}}