{"id":9865,"date":"2016-07-23T03:31:53","date_gmt":"2016-07-23T00:31:53","guid":{"rendered":"http:\/\/segurofacilbrasil.com.br\/newsite\/?page_id=9865"},"modified":"2020-07-09T23:46:37","modified_gmt":"2020-07-09T20:46:37","slug":"tokio-marine","status":"publish","type":"page","link":"https:\/\/segurofacilbrasil.com.br\/newsite\/tokio-marine\/","title":{"rendered":"TOKIO MARINE"},"content":{"rendered":"<p style=\"text-align: center;\"><a href=\"http:\/\/segurofacilbrasil.com.br\/newsite\/wp-content\/uploads\/2016\/07\/TOKIO-MARINE.jpg\"><img decoding=\"async\" class=\"alignnone size-medium wp-image-10214\" src=\"http:\/\/segurofacilbrasil.com.br\/newsite\/wp-content\/uploads\/2016\/07\/TOKIO-MARINE-300x267.jpg\" alt=\"TOKIO MARINE\" width=\"300\" height=\"267\" srcset=\"https:\/\/segurofacilbrasil.com.br\/newsite\/wp-content\/uploads\/2016\/07\/TOKIO-MARINE-200x178.jpg 200w, https:\/\/segurofacilbrasil.com.br\/newsite\/wp-content\/uploads\/2016\/07\/TOKIO-MARINE-300x267.jpg 300w, https:\/\/segurofacilbrasil.com.br\/newsite\/wp-content\/uploads\/2016\/07\/TOKIO-MARINE-400x356.jpg 400w, https:\/\/segurofacilbrasil.com.br\/newsite\/wp-content\/uploads\/2016\/07\/TOKIO-MARINE-600x534.jpg 600w, https:\/\/segurofacilbrasil.com.br\/newsite\/wp-content\/uploads\/2016\/07\/TOKIO-MARINE-768x684.jpg 768w, https:\/\/segurofacilbrasil.com.br\/newsite\/wp-content\/uploads\/2016\/07\/TOKIO-MARINE-800x712.jpg 800w, https:\/\/segurofacilbrasil.com.br\/newsite\/wp-content\/uploads\/2016\/07\/TOKIO-MARINE-1024x911.jpg 1024w, https:\/\/segurofacilbrasil.com.br\/newsite\/wp-content\/uploads\/2016\/07\/TOKIO-MARINE-1200x1068.jpg 1200w, https:\/\/segurofacilbrasil.com.br\/newsite\/wp-content\/uploads\/2016\/07\/TOKIO-MARINE.jpg 2048w\" sizes=\"(max-width: 300px) 100vw, 300px\" \/><\/a><\/p>\n<h2 style=\"text-align: justify;\">HIST\u00d3RICO:<\/h2>\n<p style=\"text-align: justify;\">Come\u00e7ando as suas atividades no Jap\u00e3o, a Tokio Marine, desde o come\u00e7o de sua hist\u00f3ria, \u00e9 uma empresa que se destaca pela efici\u00eancia, agilidade e rela\u00e7\u00e3o de custo-benef\u00edcio. Pertencente ao Grupo Tokio Marine Holdings Inc., fundado em 1879 no Jap\u00e3o, a Tokio Marine \u00e9 uma empresa seguradora que presta servi\u00e7os no Brasil, reconhecida por estar em posi\u00e7\u00e3o de destaque entre as maiores gigantes do mercado. A empresa oferece seguros para autom\u00f3veis, resid\u00eancias, ve\u00edculos de carga e para diversos tipos de empresas, como cl\u00ednicas, condom\u00ednios e agroneg\u00f3cio, entre v\u00e1rias outras op\u00e7\u00f5es.<\/p>\n<p style=\"text-align: justify;\">Atualmente, a empresa presta servi\u00e7os de seguro em diversos pa\u00edses, sendo as subsidi\u00e1rias brasileiras grandes destaques da empresa, com a terceira maior participa\u00e7\u00e3o do Grupo no mundo. Reconhecida pelos servi\u00e7os diferenciados, a Tokio Marine oferece aos brasileiros seguros exclusivos e personalizados, ideais para cobrir as necessidades conforme o que o segurado precisa \u2013 em quaisquer circunst\u00e2ncias relacionadas \u00e0 empresa, resid\u00eancia ou autom\u00f3vel.<\/p>\n<p style=\"text-align: justify;\">A empresa aposta na inova\u00e7\u00e3o como a sua principal aliada nas atividades.Al\u00e9m dos seguros tradicionais de autom\u00f3vel, vida e residencial, a Tokio Marine atua em diversas modalidades de seguros, como aeron\u00e1utico, n\u00e1utico, empresarial, produtos rurais, transportes, frotas etc.<\/p>\n<p style=\"text-align: justify;\"><div class=\"fusion-fullwidth fullwidth-box fusion-builder-row-1 hundred-percent-fullwidth non-hundred-percent-height-scrolling\" style=\"background-color: rgba(255,255,255,0);background-position: center center;background-repeat: no-repeat;padding-top:0px;padding-right:0px;padding-bottom:0px;padding-left:0px;margin-bottom: 0px;margin-top: 0px;border-width: 0px 0px 0px 0px;border-color:#eae9e9;border-style:solid;\" ><div class=\"fusion-builder-row fusion-row\"><div class=\"fusion-layout-column fusion_builder_column fusion-builder-column-0 fusion_builder_column_1_1 1_1 fusion-one-full fusion-column-first fusion-column-last fusion-column-no-min-height\" style=\"margin-top:0px;margin-bottom:0px;\"><div class=\"fusion-column-wrapper fusion-flex-column-wrapper-legacy\" style=\"background-position:left top;background-repeat:no-repeat;-webkit-background-size:cover;-moz-background-size:cover;-o-background-size:cover;background-size:cover;padding: 0px 0px 0px 0px;\"><div class=\"fusion-aligncenter\"><a class=\"fusion-button button-flat fusion-button-default-size button-darkgreen button-1 fusion-button-default-span fusion-button-default-type\" target=\"_self\" href=\"https:\/\/segurofacilbrasil.com.br\/newsite\/cotacao-de-seguro-para-carro\/\"><span class=\"fusion-button-text\">Solicite a cota\u00e7\u00e3o de Seguro para seu carro<\/span><\/a><\/div>\n<h3 style=\"text-align: justify;\">Quem \u00e9 a Tokio Marine no Brasil?<\/h3>\n<ul>\n<li style=\"text-align: justify;\">\u00c9 uma das 10 maiores Seguradoras do mercado brasileiro<\/li>\n<li style=\"text-align: justify;\">Emitiu R$ 3,82 bilh\u00f5es em pr\u00eamios em 2015<\/li>\n<li style=\"text-align: justify;\">Presta servi\u00e7os para mais de 20 mil Corretores e Assessorias, o que garante o melhor atendimento em todo o territ\u00f3rio nacional<\/li>\n<\/ul>\n<p>Fonte: Susep<\/p>\n<h3>Saiba mais sobre o Seguro Autom\u00f3vel da Tokio Marine:<\/h3>\n<p>A Tokio Marine possui duas vers\u00f5es do seguro Auto e diversas coberturas e servi\u00e7os:<\/p>\n<ol>\n<li>Produto com diversas coberturas e servi\u00e7os.<\/li>\n<li>Atendimento em todo o territ\u00f3rio nacional 24 horas por dia<\/li>\n<li>Facilidade de pagamento: 6 vezes sem juros, no d\u00e9bito, em conta-corrente<\/li>\n<li>Flexibilidade na escolha da KM de guincho com op\u00e7\u00e3o de KM ilimitada<\/li>\n<li>Servi\u00e7o de vidros B\u00e1sico, Completo ou VIP<\/li>\n<li>Possibilidade de isen\u00e7\u00e3o de franquia quando o Segurado n\u00e3o for culpado pelo sinistro<\/li>\n<li>30% de desconto na franquia quando contratado Despesas Extraordin\u00e1rias<\/li>\n<li>5 franquias diferentes com a op\u00e7\u00e3o de contrata\u00e7\u00e3o de isen\u00e7\u00e3o do pagamento no 1\u00ba sinistro indeniz\u00e1vel<\/li>\n<li>Contato com o Cliente via telefone, e-mail e SMS, para acompanhamento do sinistro<\/li>\n<li>Agilidade no pagamento da indeniza\u00e7\u00e3o integral: em at\u00e9 5 dias ap\u00f3s o recebimento da documenta\u00e7\u00e3o<\/li>\n<\/ol>\n<p>A <strong><span style=\"color: #008000;\">Seguro F\u00e1cil Brasil<\/span> <\/strong>, localizada em Campinas, conta com profissionais com mais de 20 anos de experi\u00eancia em Seguros. Trabalhamos com a Tokio Marine\u00a0Seguros pois \u00e9 considerada uma das grandes Seguradoras no mercado Brasileiro.<\/p>\n<p>A cota\u00e7\u00e3o de seguro pode ser realizada com toda comodidade atrav\u00e9s de nosso sistema de cota\u00e7\u00e3o de seguro online.<\/p>\n<p>Acesse a p\u00e1gina www.segurofacilbrasil.com.br , ou ligue: 0300 772 1234 \/ (19) 3790-1414 ou visite nossas instala\u00e7\u00f5es na R. Am\u00e9rico de Moura, 512 \u2013 CEP 13076-628 \u2013 cidade de Campinas \/SP.<\/p>\n<p style=\"text-align: justify;\"><div class=\"fusion-aligncenter\"><a class=\"fusion-button button-flat fusion-button-default-size button-darkgreen button-2 fusion-button-default-span fusion-button-default-type\" target=\"_self\" href=\"https:\/\/segurofacilbrasil.com.br\/newsite\/cotacao-de-seguro-para-carro\/\"><span class=\"fusion-button-text\">Solicite a cota\u00e7\u00e3o de Seguro para seu carro<\/span><\/a><\/div>\n<div class=\"fusion-clearfix\"><\/div><\/div><\/div><\/div><style type=\"text\/css\">.fusion-fullwidth.fusion-builder-row-1 { overflow:visible; }<\/style><\/div><\/p>\n","protected":false},"excerpt":{"rendered":"<p>HIST\u00d3RICO: Come\u00e7ando as suas atividades no Jap\u00e3o, a Tokio Marine, desde o come\u00e7o de sua hist\u00f3ria, \u00e9 uma empresa que se destaca pela efici\u00eancia, agilidade e rela\u00e7\u00e3o de custo-benef\u00edcio. Pertencente ao Grupo Tokio Marine Holdings Inc., fundado em 1879 no Jap\u00e3o, a Tokio Marine \u00e9 uma empresa seguradora que presta servi\u00e7os no Brasil, reconhecida por [&hellip;]<\/p>\n","protected":false},"author":2,"featured_media":10214,"parent":0,"menu_order":0,"comment_status":"closed","ping_status":"closed","template":"","meta":{"_exactmetrics_skip_tracking":false,"_exactmetrics_sitenote_active":false,"_exactmetrics_sitenote_note":"","_exactmetrics_sitenote_category":0,"_joinchat":[],"footnotes":""},"class_list":["post-9865","page","type-page","status-publish","has-post-thumbnail","hentry"],"yoast_head":"<!-- This site is optimized with the Yoast SEO plugin v23.2 - https:\/\/yoast.com\/wordpress\/plugins\/seo\/ -->\n<title>TOKIO MARINE - Seguro de carros - Seguro F\u00e1cil Brasil<\/title>\n<meta name=\"description\" content=\"Tokio Marine; Seguro F\u00e1cil Brasil; Seguro barato; cota\u00e7\u00e3o de seguros; seguro online; simula\u00e7\u00e3o de seguros; seguro de carro; seguro auto\" \/>\n<meta name=\"robots\" content=\"index, follow, max-snippet:-1, max-image-preview:large, max-video-preview:-1\" \/>\n<link rel=\"canonical\" href=\"https:\/\/segurofacilbrasil.com.br\/newsite\/tokio-marine\/\" \/>\n<meta property=\"og:locale\" content=\"pt_BR\" \/>\n<meta property=\"og:type\" content=\"article\" \/>\n<meta property=\"og:title\" content=\"TOKIO MARINE - Seguro de carros - Seguro F\u00e1cil Brasil\" \/>\n<meta property=\"og:description\" content=\"Tokio Marine; Seguro F\u00e1cil Brasil; Seguro barato; cota\u00e7\u00e3o de seguros; seguro online; simula\u00e7\u00e3o de seguros; seguro de carro; seguro auto\" \/>\n<meta property=\"og:url\" content=\"https:\/\/segurofacilbrasil.com.br\/newsite\/tokio-marine\/\" \/>\n<meta property=\"og:site_name\" content=\"Seguro de carros - Seguro F\u00e1cil Brasil\" \/>\n<meta property=\"article:modified_time\" content=\"2020-07-09T20:46:37+00:00\" \/>\n<meta property=\"og:image\" content=\"https:\/\/segurofacilbrasil.com.br\/newsite\/wp-content\/uploads\/2016\/07\/TOKIO-MARINE.jpg\" \/>\n\t<meta property=\"og:image:width\" content=\"2048\" \/>\n\t<meta property=\"og:image:height\" content=\"1823\" \/>\n\t<meta property=\"og:image:type\" content=\"image\/jpeg\" \/>\n<meta name=\"twitter:label1\" content=\"Est. tempo de leitura\" \/>\n\t<meta name=\"twitter:data1\" content=\"3 minutos\" \/>\n<script type=\"application\/ld+json\" class=\"yoast-schema-graph\">{\"@context\":\"https:\/\/schema.org\",\"@graph\":[{\"@type\":\"WebPage\",\"@id\":\"https:\/\/segurofacilbrasil.com.br\/newsite\/tokio-marine\/\",\"url\":\"https:\/\/segurofacilbrasil.com.br\/newsite\/tokio-marine\/\",\"name\":\"TOKIO MARINE - Seguro de carros - Seguro F\u00e1cil Brasil\",\"isPartOf\":{\"@id\":\"https:\/\/segurofacilbrasil.com.br\/newsite\/#website\"},\"primaryImageOfPage\":{\"@id\":\"https:\/\/segurofacilbrasil.com.br\/newsite\/tokio-marine\/#primaryimage\"},\"image\":{\"@id\":\"https:\/\/segurofacilbrasil.com.br\/newsite\/tokio-marine\/#primaryimage\"},\"thumbnailUrl\":\"https:\/\/segurofacilbrasil.com.br\/newsite\/wp-content\/uploads\/2016\/07\/TOKIO-MARINE.jpg\",\"datePublished\":\"2016-07-23T00:31:53+00:00\",\"dateModified\":\"2020-07-09T20:46:37+00:00\",\"description\":\"Tokio Marine; Seguro F\u00e1cil Brasil; Seguro barato; cota\u00e7\u00e3o de seguros; seguro online; simula\u00e7\u00e3o de seguros; seguro de carro; seguro auto\",\"breadcrumb\":{\"@id\":\"https:\/\/segurofacilbrasil.com.br\/newsite\/tokio-marine\/#breadcrumb\"},\"inLanguage\":\"pt-BR\",\"potentialAction\":[{\"@type\":\"ReadAction\",\"target\":[\"https:\/\/segurofacilbrasil.com.br\/newsite\/tokio-marine\/\"]}]},{\"@type\":\"ImageObject\",\"inLanguage\":\"pt-BR\",\"@id\":\"https:\/\/segurofacilbrasil.com.br\/newsite\/tokio-marine\/#primaryimage\",\"url\":\"https:\/\/segurofacilbrasil.com.br\/newsite\/wp-content\/uploads\/2016\/07\/TOKIO-MARINE.jpg\",\"contentUrl\":\"https:\/\/segurofacilbrasil.com.br\/newsite\/wp-content\/uploads\/2016\/07\/TOKIO-MARINE.jpg\",\"width\":2048,\"height\":1823},{\"@type\":\"BreadcrumbList\",\"@id\":\"https:\/\/segurofacilbrasil.com.br\/newsite\/tokio-marine\/#breadcrumb\",\"itemListElement\":[{\"@type\":\"ListItem\",\"position\":1,\"name\":\"In\u00edcio\",\"item\":\"https:\/\/segurofacilbrasil.com.br\/newsite\/\"},{\"@type\":\"ListItem\",\"position\":2,\"name\":\"TOKIO MARINE\"}]},{\"@type\":\"WebSite\",\"@id\":\"https:\/\/segurofacilbrasil.com.br\/newsite\/#website\",\"url\":\"https:\/\/segurofacilbrasil.com.br\/newsite\/\",\"name\":\"Seguro de carros - Seguro F\u00e1cil Brasil\",\"description\":\"Aqui \u00e9 assim! Seguro!\",\"potentialAction\":[{\"@type\":\"SearchAction\",\"target\":{\"@type\":\"EntryPoint\",\"urlTemplate\":\"https:\/\/segurofacilbrasil.com.br\/newsite\/?s={search_term_string}\"},\"query-input\":\"required name=search_term_string\"}],\"inLanguage\":\"pt-BR\"}]}<\/script>\n<!-- \/ Yoast SEO plugin. -->","yoast_head_json":{"title":"TOKIO MARINE - Seguro de carros - Seguro F\u00e1cil Brasil","description":"Tokio Marine; Seguro F\u00e1cil Brasil; Seguro barato; cota\u00e7\u00e3o de seguros; seguro online; simula\u00e7\u00e3o de seguros; seguro de carro; seguro auto","robots":{"index":"index","follow":"follow","max-snippet":"max-snippet:-1","max-image-preview":"max-image-preview:large","max-video-preview":"max-video-preview:-1"},"canonical":"https:\/\/segurofacilbrasil.com.br\/newsite\/tokio-marine\/","og_locale":"pt_BR","og_type":"article","og_title":"TOKIO MARINE - Seguro de carros - Seguro F\u00e1cil Brasil","og_description":"Tokio Marine; Seguro F\u00e1cil Brasil; Seguro barato; cota\u00e7\u00e3o de seguros; seguro online; simula\u00e7\u00e3o de seguros; seguro de carro; seguro auto","og_url":"https:\/\/segurofacilbrasil.com.br\/newsite\/tokio-marine\/","og_site_name":"Seguro de carros - Seguro F\u00e1cil Brasil","article_modified_time":"2020-07-09T20:46:37+00:00","og_image":[{"width":2048,"height":1823,"url":"https:\/\/segurofacilbrasil.com.br\/newsite\/wp-content\/uploads\/2016\/07\/TOKIO-MARINE.jpg","type":"image\/jpeg"}],"twitter_misc":{"Est. tempo de leitura":"3 minutos"},"schema":{"@context":"https:\/\/schema.org","@graph":[{"@type":"WebPage","@id":"https:\/\/segurofacilbrasil.com.br\/newsite\/tokio-marine\/","url":"https:\/\/segurofacilbrasil.com.br\/newsite\/tokio-marine\/","name":"TOKIO MARINE - Seguro de carros - Seguro F\u00e1cil Brasil","isPartOf":{"@id":"https:\/\/segurofacilbrasil.com.br\/newsite\/#website"},"primaryImageOfPage":{"@id":"https:\/\/segurofacilbrasil.com.br\/newsite\/tokio-marine\/#primaryimage"},"image":{"@id":"https:\/\/segurofacilbrasil.com.br\/newsite\/tokio-marine\/#primaryimage"},"thumbnailUrl":"https:\/\/segurofacilbrasil.com.br\/newsite\/wp-content\/uploads\/2016\/07\/TOKIO-MARINE.jpg","datePublished":"2016-07-23T00:31:53+00:00","dateModified":"2020-07-09T20:46:37+00:00","description":"Tokio Marine; Seguro F\u00e1cil Brasil; Seguro barato; cota\u00e7\u00e3o de seguros; seguro online; simula\u00e7\u00e3o de seguros; seguro de carro; seguro auto","breadcrumb":{"@id":"https:\/\/segurofacilbrasil.com.br\/newsite\/tokio-marine\/#breadcrumb"},"inLanguage":"pt-BR","potentialAction":[{"@type":"ReadAction","target":["https:\/\/segurofacilbrasil.com.br\/newsite\/tokio-marine\/"]}]},{"@type":"ImageObject","inLanguage":"pt-BR","@id":"https:\/\/segurofacilbrasil.com.br\/newsite\/tokio-marine\/#primaryimage","url":"https:\/\/segurofacilbrasil.com.br\/newsite\/wp-content\/uploads\/2016\/07\/TOKIO-MARINE.jpg","contentUrl":"https:\/\/segurofacilbrasil.com.br\/newsite\/wp-content\/uploads\/2016\/07\/TOKIO-MARINE.jpg","width":2048,"height":1823},{"@type":"BreadcrumbList","@id":"https:\/\/segurofacilbrasil.com.br\/newsite\/tokio-marine\/#breadcrumb","itemListElement":[{"@type":"ListItem","position":1,"name":"In\u00edcio","item":"https:\/\/segurofacilbrasil.com.br\/newsite\/"},{"@type":"ListItem","position":2,"name":"TOKIO MARINE"}]},{"@type":"WebSite","@id":"https:\/\/segurofacilbrasil.com.br\/newsite\/#website","url":"https:\/\/segurofacilbrasil.com.br\/newsite\/","name":"Seguro de carros - Seguro F\u00e1cil Brasil","description":"Aqui \u00e9 assim! Seguro!","potentialAction":[{"@type":"SearchAction","target":{"@type":"EntryPoint","urlTemplate":"https:\/\/segurofacilbrasil.com.br\/newsite\/?s={search_term_string}"},"query-input":"required name=search_term_string"}],"inLanguage":"pt-BR"}]}},"_links":{"self":[{"href":"https:\/\/segurofacilbrasil.com.br\/newsite\/wp-json\/wp\/v2\/pages\/9865"}],"collection":[{"href":"https:\/\/segurofacilbrasil.com.br\/newsite\/wp-json\/wp\/v2\/pages"}],"about":[{"href":"https:\/\/segurofacilbrasil.com.br\/newsite\/wp-json\/wp\/v2\/types\/page"}],"author":[{"embeddable":true,"href":"https:\/\/segurofacilbrasil.com.br\/newsite\/wp-json\/wp\/v2\/users\/2"}],"replies":[{"embeddable":true,"href":"https:\/\/segurofacilbrasil.com.br\/newsite\/wp-json\/wp\/v2\/comments?post=9865"}],"version-history":[{"count":6,"href":"https:\/\/segurofacilbrasil.com.br\/newsite\/wp-json\/wp\/v2\/pages\/9865\/revisions"}],"predecessor-version":[{"id":17915,"href":"https:\/\/segurofacilbrasil.com.br\/newsite\/wp-json\/wp\/v2\/pages\/9865\/revisions\/17915"}],"wp:featuredmedia":[{"embeddable":true,"href":"https:\/\/segurofacilbrasil.com.br\/newsite\/wp-json\/wp\/v2\/media\/10214"}],"wp:attachment":[{"href":"https:\/\/segurofacilbrasil.com.br\/newsite\/wp-json\/wp\/v2\/media?parent=9865"}],"curies":[{"name":"wp","href":"https:\/\/api.w.org\/{rel}","templated":true}]}}