{"id":9871,"date":"2016-07-23T03:40:46","date_gmt":"2016-07-23T00:40:46","guid":{"rendered":"http:\/\/segurofacilbrasil.com.br\/newsite\/?page_id=9871"},"modified":"2020-07-09T23:46:37","modified_gmt":"2020-07-09T20:46:37","slug":"sulamerica","status":"publish","type":"page","link":"https:\/\/segurofacilbrasil.com.br\/newsite\/sulamerica\/","title":{"rendered":"SULAM\u00c9RICA SEGUROS"},"content":{"rendered":"<p style=\"text-align: center;\"><a href=\"http:\/\/segurofacilbrasil.com.br\/newsite\/wp-content\/uploads\/2016\/07\/Sulame\u0301rica-Seguros.jpg\"><img decoding=\"async\" class=\"alignnone size-medium wp-image-10211\" src=\"http:\/\/segurofacilbrasil.com.br\/newsite\/wp-content\/uploads\/2016\/07\/Sulame\u0301rica-Seguros-300x165.jpg\" alt=\"Sulame\u0301rica Seguros\" width=\"300\" height=\"165\" srcset=\"https:\/\/segurofacilbrasil.com.br\/newsite\/wp-content\/uploads\/2016\/07\/Sulame\u0301rica-Seguros-200x110.jpg 200w, https:\/\/segurofacilbrasil.com.br\/newsite\/wp-content\/uploads\/2016\/07\/Sulame\u0301rica-Seguros-300x165.jpg 300w, https:\/\/segurofacilbrasil.com.br\/newsite\/wp-content\/uploads\/2016\/07\/Sulame\u0301rica-Seguros-400x219.jpg 400w, https:\/\/segurofacilbrasil.com.br\/newsite\/wp-content\/uploads\/2016\/07\/Sulame\u0301rica-Seguros.jpg 516w\" sizes=\"(max-width: 300px) 100vw, 300px\" \/><\/a><\/p>\n<h2 style=\"text-align: left;\">HIST\u00d3RICO:<\/h2>\n<p style=\"text-align: justify;\">Em 5 de dezembro de 1895 nasce a Sul Am\u00e9rica Companhia Nacional de Seguros de Vida, fundada por Dom Joaquim Sanchez de Larragoiti, no Rio de Janeiro. Em dezembro de 1913, a SulAm\u00e9rica funda a Companhia de Seguros Terrestres e Mar\u00edtimos e de Acidentes, primeiro com o nome de Anglo Sul Americana, depois em 1928, denominada Sul Am\u00e9rica Terrestre Mar\u00edtima \u2013 SATMA.<\/p>\n<p style=\"text-align: justify;\">Associa\u00e7\u00f5es com grupos seguradores estrangeiros:<\/p>\n<p style=\"text-align: justify;\">Em 1977, a SulAm\u00e9rica se associou com os grupos Gerling Konzern Welt-Versicherungs Pool A.G., da Alemanha, e Societ\u00e1 Assicuratrice Industriale \u2013 SAI, da It\u00e1lia, para a funda\u00e7\u00e3o das empresas Gerling Industrial e SAI.<\/p>\n<p style=\"text-align: justify;\">\u00a0<div class=\"fusion-fullwidth fullwidth-box fusion-builder-row-1 hundred-percent-fullwidth non-hundred-percent-height-scrolling\" style=\"background-color: rgba(255,255,255,0);background-position: center center;background-repeat: no-repeat;padding-top:0px;padding-right:0px;padding-bottom:0px;padding-left:0px;margin-bottom: 0px;margin-top: 0px;border-width: 0px 0px 0px 0px;border-color:#eae9e9;border-style:solid;\" ><div class=\"fusion-builder-row fusion-row\"><div class=\"fusion-layout-column fusion_builder_column fusion-builder-column-0 fusion_builder_column_1_1 1_1 fusion-one-full fusion-column-first fusion-column-last fusion-column-no-min-height\" style=\"margin-top:0px;margin-bottom:0px;\"><div class=\"fusion-column-wrapper fusion-flex-column-wrapper-legacy\" style=\"background-position:left top;background-repeat:no-repeat;-webkit-background-size:cover;-moz-background-size:cover;-o-background-size:cover;background-size:cover;padding: 0px 0px 0px 0px;\"><div class=\"fusion-aligncenter\"><a class=\"fusion-button button-flat fusion-button-default-size button-darkgreen button-1 fusion-button-default-span fusion-button-default-type\" target=\"_self\" href=\"https:\/\/segurofacilbrasil.com.br\/newsite\/cotacao-de-seguro-para-carro\/\"><span class=\"fusion-button-text\">Solicite a cota\u00e7\u00e3o de Seguro para seu carro<\/span><\/a><\/div>\n<h3 style=\"text-align: justify;\">Consolida\u00e7\u00e3o e crescimento com novas parcerias:<\/h3>\n<p style=\"text-align: justify;\">Em 27 de maio de 2008, a SulAm\u00e9rica firma parceria comercial exclusiva com a BV Financeira para promo\u00e7\u00e3o do seguro SulAm\u00e9rica Auto. No mesmo ano, a SulAm\u00e9rica concluiu com sucesso o leil\u00e3o para aquisi\u00e7\u00e3o das a\u00e7\u00f5es em circula\u00e7\u00e3o da SulAm\u00e9rica Companhia Nacional de Seguros.<\/p>\n<p style=\"text-align: justify;\">O ano de 2013 foi um per\u00edodo de grandes realiza\u00e7\u00f5es. Mudan\u00e7as relevantes ocorreram na composi\u00e7\u00e3o societ\u00e1ria. Em fevereiro, a fam\u00edlia Larragoiti assumiu 100% da Sulasapar, holding do grupo SulAm\u00e9rica, adquirindo a parcela do ING.<\/p>\n<p style=\"text-align: justify;\">Em maio, o IFC, bra\u00e7o financeiro do banco mundial, adquiriu 7,9% da companhia. Em novembro foi a vez da Swiss Re adquirir 14,9% da companhia.<\/p>\n<p>A <strong><span style=\"color: #008000;\">Seguro F\u00e1cil Brasil<\/span><\/strong> , localizada em\u00a0Campinas, conta com profissionais com mais de 20 anos de experi\u00eancia em\u00a0Seguros. Trabalhamos com a Sulam\u00e9rica\u00a0Seguros pois \u00e9 considerada uma das grandes Seguradoras no mercado Brasileiro.<\/p>\n<p>A cota\u00e7\u00e3o de seguro pode ser realizada com toda comodidade atrav\u00e9s de nosso sistema de cota\u00e7\u00e3o de seguro online.<\/p>\n<p>Acesse a p\u00e1gina <a href=\"http:\/\/www.segurofacilbrasil.com.br\">www.segurofacilbrasil.com.br <\/a>, ou ligue: 0300 772 1234 \/ (19) 3790-1414 ou visite nossas instala\u00e7\u00f5es na R. Am\u00e9rico de Moura, 512 \u2013 CEP 13076-628 \u2013 cidade de Campinas \/SP.<\/p>\n<div class=\"fusion-aligncenter\"><a class=\"fusion-button button-flat fusion-button-default-size button-darkgreen button-2 fusion-button-default-span fusion-button-default-type\" target=\"_self\" href=\"https:\/\/segurofacilbrasil.com.br\/newsite\/cotacao-de-seguro-para-carro\/\"><span class=\"fusion-button-text\">Solicite a cota\u00e7\u00e3o de Seguro para seu carro<\/span><\/a><\/div><div class=\"fusion-clearfix\"><\/div><\/div><\/div><\/div><style type=\"text\/css\">.fusion-fullwidth.fusion-builder-row-1 { overflow:visible; }<\/style><\/div><\/p>\n","protected":false},"excerpt":{"rendered":"<p>HIST\u00d3RICO: Em 5 de dezembro de 1895 nasce a Sul Am\u00e9rica Companhia Nacional de Seguros de Vida, fundada por Dom Joaquim Sanchez de Larragoiti, no Rio de Janeiro. Em dezembro de 1913, a SulAm\u00e9rica funda a Companhia de Seguros Terrestres e Mar\u00edtimos e de Acidentes, primeiro com o nome de Anglo Sul Americana, depois em [&hellip;]<\/p>\n","protected":false},"author":2,"featured_media":10211,"parent":0,"menu_order":0,"comment_status":"closed","ping_status":"closed","template":"","meta":{"_exactmetrics_skip_tracking":false,"_exactmetrics_sitenote_active":false,"_exactmetrics_sitenote_note":"","_exactmetrics_sitenote_category":0,"_joinchat":[],"footnotes":""},"class_list":["post-9871","page","type-page","status-publish","has-post-thumbnail","hentry"],"yoast_head":"<!-- This site is optimized with the Yoast SEO plugin v23.2 - https:\/\/yoast.com\/wordpress\/plugins\/seo\/ -->\n<title>SULAM\u00c9RICA SEGUROS - Seguro de carros - Seguro F\u00e1cil Brasil<\/title>\n<meta name=\"description\" content=\"Sulam\u00e9rica Seguros; Seguro f\u00e1cil Brasil; seguro online; seguro barato; cota\u00e7\u00e3o de seguros; simula\u00e7\u00e3o de seguros; seguro carro\" \/>\n<meta name=\"robots\" content=\"index, follow, max-snippet:-1, max-image-preview:large, max-video-preview:-1\" \/>\n<link rel=\"canonical\" href=\"https:\/\/segurofacilbrasil.com.br\/newsite\/sulamerica\/\" \/>\n<meta property=\"og:locale\" content=\"pt_BR\" \/>\n<meta property=\"og:type\" content=\"article\" \/>\n<meta property=\"og:title\" content=\"SULAM\u00c9RICA SEGUROS - Seguro de carros - Seguro F\u00e1cil Brasil\" \/>\n<meta property=\"og:description\" content=\"Sulam\u00e9rica Seguros; Seguro f\u00e1cil Brasil; seguro online; seguro barato; cota\u00e7\u00e3o de seguros; simula\u00e7\u00e3o de seguros; seguro carro\" \/>\n<meta property=\"og:url\" content=\"https:\/\/segurofacilbrasil.com.br\/newsite\/sulamerica\/\" \/>\n<meta property=\"og:site_name\" content=\"Seguro de carros - Seguro F\u00e1cil Brasil\" \/>\n<meta property=\"article:modified_time\" content=\"2020-07-09T20:46:37+00:00\" \/>\n<meta property=\"og:image\" content=\"https:\/\/segurofacilbrasil.com.br\/newsite\/wp-content\/uploads\/2016\/07\/Sulame\u0301rica-Seguros.jpg\" \/>\n\t<meta property=\"og:image:width\" content=\"516\" \/>\n\t<meta property=\"og:image:height\" content=\"283\" \/>\n\t<meta property=\"og:image:type\" content=\"image\/jpeg\" \/>\n<meta name=\"twitter:label1\" content=\"Est. tempo de leitura\" \/>\n\t<meta name=\"twitter:data1\" content=\"3 minutos\" \/>\n<script type=\"application\/ld+json\" class=\"yoast-schema-graph\">{\"@context\":\"https:\/\/schema.org\",\"@graph\":[{\"@type\":\"WebPage\",\"@id\":\"https:\/\/segurofacilbrasil.com.br\/newsite\/sulamerica\/\",\"url\":\"https:\/\/segurofacilbrasil.com.br\/newsite\/sulamerica\/\",\"name\":\"SULAM\u00c9RICA SEGUROS - Seguro de carros - Seguro F\u00e1cil Brasil\",\"isPartOf\":{\"@id\":\"https:\/\/segurofacilbrasil.com.br\/newsite\/#website\"},\"primaryImageOfPage\":{\"@id\":\"https:\/\/segurofacilbrasil.com.br\/newsite\/sulamerica\/#primaryimage\"},\"image\":{\"@id\":\"https:\/\/segurofacilbrasil.com.br\/newsite\/sulamerica\/#primaryimage\"},\"thumbnailUrl\":\"https:\/\/segurofacilbrasil.com.br\/newsite\/wp-content\/uploads\/2016\/07\/Sulame\u0301rica-Seguros.jpg\",\"datePublished\":\"2016-07-23T00:40:46+00:00\",\"dateModified\":\"2020-07-09T20:46:37+00:00\",\"description\":\"Sulam\u00e9rica Seguros; Seguro f\u00e1cil Brasil; seguro online; seguro barato; cota\u00e7\u00e3o de seguros; simula\u00e7\u00e3o de seguros; seguro carro\",\"breadcrumb\":{\"@id\":\"https:\/\/segurofacilbrasil.com.br\/newsite\/sulamerica\/#breadcrumb\"},\"inLanguage\":\"pt-BR\",\"potentialAction\":[{\"@type\":\"ReadAction\",\"target\":[\"https:\/\/segurofacilbrasil.com.br\/newsite\/sulamerica\/\"]}]},{\"@type\":\"ImageObject\",\"inLanguage\":\"pt-BR\",\"@id\":\"https:\/\/segurofacilbrasil.com.br\/newsite\/sulamerica\/#primaryimage\",\"url\":\"https:\/\/segurofacilbrasil.com.br\/newsite\/wp-content\/uploads\/2016\/07\/Sulame\u0301rica-Seguros.jpg\",\"contentUrl\":\"https:\/\/segurofacilbrasil.com.br\/newsite\/wp-content\/uploads\/2016\/07\/Sulame\u0301rica-Seguros.jpg\",\"width\":516,\"height\":283},{\"@type\":\"BreadcrumbList\",\"@id\":\"https:\/\/segurofacilbrasil.com.br\/newsite\/sulamerica\/#breadcrumb\",\"itemListElement\":[{\"@type\":\"ListItem\",\"position\":1,\"name\":\"In\u00edcio\",\"item\":\"https:\/\/segurofacilbrasil.com.br\/newsite\/\"},{\"@type\":\"ListItem\",\"position\":2,\"name\":\"SULAM\u00c9RICA SEGUROS\"}]},{\"@type\":\"WebSite\",\"@id\":\"https:\/\/segurofacilbrasil.com.br\/newsite\/#website\",\"url\":\"https:\/\/segurofacilbrasil.com.br\/newsite\/\",\"name\":\"Seguro de carros - Seguro F\u00e1cil Brasil\",\"description\":\"Aqui \u00e9 assim! Seguro!\",\"potentialAction\":[{\"@type\":\"SearchAction\",\"target\":{\"@type\":\"EntryPoint\",\"urlTemplate\":\"https:\/\/segurofacilbrasil.com.br\/newsite\/?s={search_term_string}\"},\"query-input\":\"required name=search_term_string\"}],\"inLanguage\":\"pt-BR\"}]}<\/script>\n<!-- \/ Yoast SEO plugin. -->","yoast_head_json":{"title":"SULAM\u00c9RICA SEGUROS - Seguro de carros - Seguro F\u00e1cil Brasil","description":"Sulam\u00e9rica Seguros; Seguro f\u00e1cil Brasil; seguro online; seguro barato; cota\u00e7\u00e3o de seguros; simula\u00e7\u00e3o de seguros; seguro carro","robots":{"index":"index","follow":"follow","max-snippet":"max-snippet:-1","max-image-preview":"max-image-preview:large","max-video-preview":"max-video-preview:-1"},"canonical":"https:\/\/segurofacilbrasil.com.br\/newsite\/sulamerica\/","og_locale":"pt_BR","og_type":"article","og_title":"SULAM\u00c9RICA SEGUROS - Seguro de carros - Seguro F\u00e1cil Brasil","og_description":"Sulam\u00e9rica Seguros; Seguro f\u00e1cil Brasil; seguro online; seguro barato; cota\u00e7\u00e3o de seguros; simula\u00e7\u00e3o de seguros; seguro carro","og_url":"https:\/\/segurofacilbrasil.com.br\/newsite\/sulamerica\/","og_site_name":"Seguro de carros - Seguro F\u00e1cil Brasil","article_modified_time":"2020-07-09T20:46:37+00:00","og_image":[{"width":516,"height":283,"url":"https:\/\/segurofacilbrasil.com.br\/newsite\/wp-content\/uploads\/2016\/07\/Sulame\u0301rica-Seguros.jpg","type":"image\/jpeg"}],"twitter_misc":{"Est. tempo de leitura":"3 minutos"},"schema":{"@context":"https:\/\/schema.org","@graph":[{"@type":"WebPage","@id":"https:\/\/segurofacilbrasil.com.br\/newsite\/sulamerica\/","url":"https:\/\/segurofacilbrasil.com.br\/newsite\/sulamerica\/","name":"SULAM\u00c9RICA SEGUROS - Seguro de carros - Seguro F\u00e1cil Brasil","isPartOf":{"@id":"https:\/\/segurofacilbrasil.com.br\/newsite\/#website"},"primaryImageOfPage":{"@id":"https:\/\/segurofacilbrasil.com.br\/newsite\/sulamerica\/#primaryimage"},"image":{"@id":"https:\/\/segurofacilbrasil.com.br\/newsite\/sulamerica\/#primaryimage"},"thumbnailUrl":"https:\/\/segurofacilbrasil.com.br\/newsite\/wp-content\/uploads\/2016\/07\/Sulame\u0301rica-Seguros.jpg","datePublished":"2016-07-23T00:40:46+00:00","dateModified":"2020-07-09T20:46:37+00:00","description":"Sulam\u00e9rica Seguros; Seguro f\u00e1cil Brasil; seguro online; seguro barato; cota\u00e7\u00e3o de seguros; simula\u00e7\u00e3o de seguros; seguro carro","breadcrumb":{"@id":"https:\/\/segurofacilbrasil.com.br\/newsite\/sulamerica\/#breadcrumb"},"inLanguage":"pt-BR","potentialAction":[{"@type":"ReadAction","target":["https:\/\/segurofacilbrasil.com.br\/newsite\/sulamerica\/"]}]},{"@type":"ImageObject","inLanguage":"pt-BR","@id":"https:\/\/segurofacilbrasil.com.br\/newsite\/sulamerica\/#primaryimage","url":"https:\/\/segurofacilbrasil.com.br\/newsite\/wp-content\/uploads\/2016\/07\/Sulame\u0301rica-Seguros.jpg","contentUrl":"https:\/\/segurofacilbrasil.com.br\/newsite\/wp-content\/uploads\/2016\/07\/Sulame\u0301rica-Seguros.jpg","width":516,"height":283},{"@type":"BreadcrumbList","@id":"https:\/\/segurofacilbrasil.com.br\/newsite\/sulamerica\/#breadcrumb","itemListElement":[{"@type":"ListItem","position":1,"name":"In\u00edcio","item":"https:\/\/segurofacilbrasil.com.br\/newsite\/"},{"@type":"ListItem","position":2,"name":"SULAM\u00c9RICA SEGUROS"}]},{"@type":"WebSite","@id":"https:\/\/segurofacilbrasil.com.br\/newsite\/#website","url":"https:\/\/segurofacilbrasil.com.br\/newsite\/","name":"Seguro de carros - Seguro F\u00e1cil Brasil","description":"Aqui \u00e9 assim! Seguro!","potentialAction":[{"@type":"SearchAction","target":{"@type":"EntryPoint","urlTemplate":"https:\/\/segurofacilbrasil.com.br\/newsite\/?s={search_term_string}"},"query-input":"required name=search_term_string"}],"inLanguage":"pt-BR"}]}},"_links":{"self":[{"href":"https:\/\/segurofacilbrasil.com.br\/newsite\/wp-json\/wp\/v2\/pages\/9871"}],"collection":[{"href":"https:\/\/segurofacilbrasil.com.br\/newsite\/wp-json\/wp\/v2\/pages"}],"about":[{"href":"https:\/\/segurofacilbrasil.com.br\/newsite\/wp-json\/wp\/v2\/types\/page"}],"author":[{"embeddable":true,"href":"https:\/\/segurofacilbrasil.com.br\/newsite\/wp-json\/wp\/v2\/users\/2"}],"replies":[{"embeddable":true,"href":"https:\/\/segurofacilbrasil.com.br\/newsite\/wp-json\/wp\/v2\/comments?post=9871"}],"version-history":[{"count":5,"href":"https:\/\/segurofacilbrasil.com.br\/newsite\/wp-json\/wp\/v2\/pages\/9871\/revisions"}],"predecessor-version":[{"id":17914,"href":"https:\/\/segurofacilbrasil.com.br\/newsite\/wp-json\/wp\/v2\/pages\/9871\/revisions\/17914"}],"wp:featuredmedia":[{"embeddable":true,"href":"https:\/\/segurofacilbrasil.com.br\/newsite\/wp-json\/wp\/v2\/media\/10211"}],"wp:attachment":[{"href":"https:\/\/segurofacilbrasil.com.br\/newsite\/wp-json\/wp\/v2\/media?parent=9871"}],"curies":[{"name":"wp","href":"https:\/\/api.w.org\/{rel}","templated":true}]}}